{"id":3237,"date":"2023-07-25T17:50:37","date_gmt":"2023-07-25T15:50:37","guid":{"rendered":"https:\/\/www.assurances-rmt.fr\/?page_id=3237"},"modified":"2026-05-13T10:32:27","modified_gmt":"2026-05-13T08:32:27","slug":"unser-team","status":"publish","type":"page","link":"https:\/\/www.assurances-rmt.fr\/de\/ueber-uns\/unser-team\/","title":{"rendered":"Unser Team"},"content":{"rendered":"\n<section class=\"hero js-hero \" style=\"--hero-bg-image: url(https:\/\/www.assurances-rmt.fr\/app\/uploads\/2023\/08\/logormt.jpg)\">\n    <div class=\"grid-container\">\n        <div class=\"hero__content\">\n                            <div class=\"breadcrumbs hero__breadcrumbs\"><span><span><a href=\"https:\/\/www.assurances-rmt.fr\/de\/\">Startseite<\/a><\/span><\/span><\/div>\n                        \n\n    <h1 class=\"title-double title-double--white\">\n                <span class=\"title-double__line1\">RMT Versicherungsmakler:<\/span>\n                <span class=\"title-double__line2\">Unser Team<\/span>\n        <\/h1>\n                                <\/div>\n    <\/div>\n    <a class=\"hero__scroll js-scroll\" href=\"#\"><svg xmlns=\"http:\/\/www.w3.org\/2000\/svg\" width=\"32\" height=\"32\" viewBox=\"0 0 32 32\" fill=\"none\" class=\"picto\">\n<g id=\"scroll\" clip-path=\"url(#clip0_22_126)\">\n<g id=\"Groupe_19664\">\n<path id=\"Trac&#xC3;&#xA9;_4302\" d=\"M27.1501 16.007C27.1501 17.707 27.1501 19.507 27.1501 21.207C26.9501 27.407 21.7501 32.207 15.5501 31.907C10.4501 31.707 6.05009 28.007 5.05009 23.007C4.95009 22.407 4.85011 21.807 4.85011 21.107C4.85011 17.707 4.75011 14.307 4.85011 10.907C4.95011 4.70702 10.0501 -0.192979 16.1501 -0.0929787C21.4501 0.0070213 26.0501 3.907 26.9501 9.107C27.0501 9.807 27.1501 10.507 27.1501 11.207C27.1501 12.907 27.1501 14.507 27.1501 16.007ZM6.45008 16.007C6.45008 17.507 6.45008 19.007 6.45008 20.607C6.45008 21.207 6.55009 21.807 6.55009 22.507C7.45009 27.707 12.3501 31.207 17.6501 30.307C22.2501 29.507 25.6501 25.507 25.5501 20.807C25.5501 17.707 25.5501 14.507 25.5501 11.407C25.5501 10.807 25.4501 10.307 25.4501 9.70701C24.5501 4.50701 19.6501 1.00702 14.4501 1.80702C9.75008 2.60702 6.45008 6.60702 6.45008 11.407C6.45008 12.907 6.45008 14.407 6.45008 16.007Z\" fill=\"black\"\/>\n<path id=\"Trac&#xC3;&#xA9;_4303\" d=\"M15.1501 4.80701H16.7502V13.107L20.1501 9.707L21.2501 10.907C21.2501 10.907 21.1502 11.007 21.0502 11.107C19.6502 12.507 18.1502 14.007 16.7502 15.407C16.2502 15.907 15.8502 16.007 15.2502 15.407C13.7502 13.907 12.2502 12.407 10.7502 10.907L10.6501 10.807L11.7502 9.707L15.0501 13.007L15.1501 12.907V4.80701Z\" fill=\"black\"\/>\n<\/g>\n<\/g>\n<defs>\n<clipPath id=\"clip0_22_126\">\n<rect width=\"32\" height=\"32\" fill=\"black\"\/>\n<\/clipPath>\n<\/defs>\n<\/svg>\n<\/a>\n<\/section>\n\n\n\n\n\n<section class=\"section--color-white section--align-wide-content section--padding-medium section\" id=\"\" style=\"\">\n    <div class=\"grid-container\">\n<div class=\"grid-x grid-margin-x grid-padding-y grid-simple align-top \">\n\n<div class=\"cell__wp-content align-self-top cell medium-6\">\n\n<h2 class=\"wp-block-heading\"><strong>Das Team von RMT Versicherungsmakler: Vielfalt, Kompetenz und gemeinsame Werte<\/strong><\/h2>\n\n\n\n<p>Bei RMT Versicherungsmakler sind wir stolz auf unser Team aus 20 engagierten und erfahrenen Mitarbeitenden. Sie alle verk\u00f6rpern unsere famili\u00e4ren Werte, unseren Anspruch an h\u00f6chste Sorgfalt und unser gemeinsames Ziel, unseren Mandanten einen erstklassigen Service zu bieten. Jedes Teammitglied bringt individuelles Fachwissen, wertvolle Perspektiven und pers\u00f6nliche St\u00e4rken ein. So entsteht ein starkes Zusammenspiel, das unsere t\u00e4gliche Arbeit pr\u00e4gt und den gemeinsamen Erfolg unseres Unternehmens vorantreibt. <\/p>\n\n<\/div>\n\n\n\n<div class=\"cell__wp-content align-self-top cell medium-6\">\n\n<figure class=\"wp-block-image size-large\"><img loading=\"lazy\" decoding=\"async\" width=\"1923\" height=\"1446\" src=\"https:\/\/www.assurances-rmt.fr\/app\/uploads\/2026\/05\/2025-RMT_Equipe05_coupee_2fois-scaled-e1777982899338.jpg\" alt=\"\" class=\"wp-image-3200\" srcset=\"https:\/\/www.assurances-rmt.fr\/app\/uploads\/2026\/05\/2025-RMT_Equipe05_coupee_2fois-scaled-e1777982899338.jpg 1923w, https:\/\/www.assurances-rmt.fr\/app\/uploads\/2026\/05\/2025-RMT_Equipe05_coupee_2fois-scaled-e1777982899338-300x226.jpg 300w, https:\/\/www.assurances-rmt.fr\/app\/uploads\/2026\/05\/2025-RMT_Equipe05_coupee_2fois-scaled-e1777982899338-1024x770.jpg 1024w, https:\/\/www.assurances-rmt.fr\/app\/uploads\/2026\/05\/2025-RMT_Equipe05_coupee_2fois-scaled-e1777982899338-768x577.jpg 768w, https:\/\/www.assurances-rmt.fr\/app\/uploads\/2026\/05\/2025-RMT_Equipe05_coupee_2fois-scaled-e1777982899338-1536x1155.jpg 1536w\" sizes=\"auto, (max-width: 1923px) 100vw, 1923px\" \/><\/figure>\n\n<\/div>\n\n<\/div>\n\n<\/div>\n<\/section>\n\n\n\n\n\n<section class=\"section--color-white section--align-wide-content section--padding-medium section\" id=\"\" style=\"\">\n    <div class=\"grid-container\">\n\n<h2 class=\"wp-block-heading has-text-align-center\">RMT stellt sich vor<\/h2>\n\n\n<div class=\"trombinoscope\">\n        <div class=\"trombinoscope-grid grid-x grid-margin-x grid-padding-y small-up-1 medium-up-2 large-up-3 xlarge-up-4\">\n<div class=\"cell\">\n        <div class=\"trombine\">\n        <div class=\"trombine__picture\">\n            <img loading=\"lazy\" decoding=\"async\" width=\"1706\" height=\"2560\" src=\"https:\/\/www.assurances-rmt.fr\/app\/uploads\/2026\/05\/2025-RMT_LeaRoger03-scaled.jpg\" class=\"attachment-full size-full\" alt=\"\" srcset=\"https:\/\/www.assurances-rmt.fr\/app\/uploads\/2026\/05\/2025-RMT_LeaRoger03-scaled.jpg 1706w, https:\/\/www.assurances-rmt.fr\/app\/uploads\/2026\/05\/2025-RMT_LeaRoger03-200x300.jpg 200w, https:\/\/www.assurances-rmt.fr\/app\/uploads\/2026\/05\/2025-RMT_LeaRoger03-682x1024.jpg 682w, https:\/\/www.assurances-rmt.fr\/app\/uploads\/2026\/05\/2025-RMT_LeaRoger03-768x1152.jpg 768w, https:\/\/www.assurances-rmt.fr\/app\/uploads\/2026\/05\/2025-RMT_LeaRoger03-1024x1536.jpg 1024w, https:\/\/www.assurances-rmt.fr\/app\/uploads\/2026\/05\/2025-RMT_LeaRoger03-1365x2048.jpg 1365w\" sizes=\"auto, (max-width: 1706px) 100vw, 1706px\" \/>\n        <\/div>\n        <div class=\"trombine__content\">\n            <div class=\"trombine__name\">L\u00e9a Roger<\/div>\n            <div class=\"trombine__job\">Partnerin<\/div>\n            <div class=\"trombine__description\"><ul>\n<li>Deutsch-Franz\u00f6sin<\/li>\n<li>Doktorin der Politikwissenschaften<\/li>\n<li>10 Jahre Erfahrung in der Versicherungsbranche, davon 5 Jahre in Deutschland<\/li>\n<\/ul>\n<\/div>\n        <\/div>\n    <\/div>\n    <\/div>\n\n\n<div class=\"cell\">\n        <div class=\"trombine\">\n        <div class=\"trombine__picture\">\n            <img loading=\"lazy\" decoding=\"async\" width=\"1706\" height=\"2560\" src=\"https:\/\/www.assurances-rmt.fr\/app\/uploads\/2026\/05\/2025-RMT_SylvieRoger02-scaled.jpg\" class=\"attachment-full size-full\" alt=\"\" srcset=\"https:\/\/www.assurances-rmt.fr\/app\/uploads\/2026\/05\/2025-RMT_SylvieRoger02-scaled.jpg 1706w, https:\/\/www.assurances-rmt.fr\/app\/uploads\/2026\/05\/2025-RMT_SylvieRoger02-200x300.jpg 200w, https:\/\/www.assurances-rmt.fr\/app\/uploads\/2026\/05\/2025-RMT_SylvieRoger02-682x1024.jpg 682w, https:\/\/www.assurances-rmt.fr\/app\/uploads\/2026\/05\/2025-RMT_SylvieRoger02-768x1152.jpg 768w, https:\/\/www.assurances-rmt.fr\/app\/uploads\/2026\/05\/2025-RMT_SylvieRoger02-1024x1536.jpg 1024w, https:\/\/www.assurances-rmt.fr\/app\/uploads\/2026\/05\/2025-RMT_SylvieRoger02-1365x2048.jpg 1365w\" sizes=\"auto, (max-width: 1706px) 100vw, 1706px\" \/>\n        <\/div>\n        <div class=\"trombine__content\">\n            <div class=\"trombine__name\">Sylvie Roger<\/div>\n            <div class=\"trombine__job\">Partnerin<\/div>\n            <div class=\"trombine__description\"><ul>\n<li>30 Jahre Erfahrung als Finanzvorstand, Personalvorstand und IT-Leiter in der Industrie und im Bauwesen<\/li>\n<li>Vorsitzende des Clubs der Finanzvorst\u00e4nde im Elsass (DFCG)<\/li>\n<\/ul>\n<\/div>\n        <\/div>\n    <\/div>\n    <\/div>\n\n\n<div class=\"cell\">\n        <div class=\"trombine\">\n        <div class=\"trombine__picture\">\n            <img loading=\"lazy\" decoding=\"async\" width=\"1707\" height=\"2560\" src=\"https:\/\/www.assurances-rmt.fr\/app\/uploads\/2026\/05\/2025-RMT_SebastienMuller_02-scaled.jpg\" class=\"attachment-full size-full\" alt=\"\" srcset=\"https:\/\/www.assurances-rmt.fr\/app\/uploads\/2026\/05\/2025-RMT_SebastienMuller_02-scaled.jpg 1707w, https:\/\/www.assurances-rmt.fr\/app\/uploads\/2026\/05\/2025-RMT_SebastienMuller_02-200x300.jpg 200w, https:\/\/www.assurances-rmt.fr\/app\/uploads\/2026\/05\/2025-RMT_SebastienMuller_02-683x1024.jpg 683w, https:\/\/www.assurances-rmt.fr\/app\/uploads\/2026\/05\/2025-RMT_SebastienMuller_02-768x1152.jpg 768w, https:\/\/www.assurances-rmt.fr\/app\/uploads\/2026\/05\/2025-RMT_SebastienMuller_02-1024x1536.jpg 1024w, https:\/\/www.assurances-rmt.fr\/app\/uploads\/2026\/05\/2025-RMT_SebastienMuller_02-1365x2048.jpg 1365w\" sizes=\"auto, (max-width: 1707px) 100vw, 1707px\" \/>\n        <\/div>\n        <div class=\"trombine__content\">\n            <div class=\"trombine__name\">S\u00e9bastien Muller<\/div>\n            <div class=\"trombine__job\">Technische Leitung<\/div>\n            <div class=\"trombine__description\"><ul>\n<li>30 Jahre Erfahrung in der Versicherungsbranche<\/li>\n<li>Spezialist f\u00fcr Risikopr\u00e4vention<\/li>\n<\/ul>\n<\/div>\n        <\/div>\n    <\/div>\n    <\/div>\n\n\n<div class=\"cell\">\n        <div class=\"trombine\">\n        <div class=\"trombine__picture\">\n            <img loading=\"lazy\" decoding=\"async\" width=\"1707\" height=\"2560\" src=\"https:\/\/www.assurances-rmt.fr\/app\/uploads\/2026\/05\/2025-RMT_AliciaRuse-scaled.jpg\" class=\"attachment-full size-full\" alt=\"\" srcset=\"https:\/\/www.assurances-rmt.fr\/app\/uploads\/2026\/05\/2025-RMT_AliciaRuse-scaled.jpg 1707w, https:\/\/www.assurances-rmt.fr\/app\/uploads\/2026\/05\/2025-RMT_AliciaRuse-200x300.jpg 200w, https:\/\/www.assurances-rmt.fr\/app\/uploads\/2026\/05\/2025-RMT_AliciaRuse-683x1024.jpg 683w, https:\/\/www.assurances-rmt.fr\/app\/uploads\/2026\/05\/2025-RMT_AliciaRuse-768x1152.jpg 768w, https:\/\/www.assurances-rmt.fr\/app\/uploads\/2026\/05\/2025-RMT_AliciaRuse-1024x1536.jpg 1024w, https:\/\/www.assurances-rmt.fr\/app\/uploads\/2026\/05\/2025-RMT_AliciaRuse-1365x2048.jpg 1365w\" sizes=\"auto, (max-width: 1707px) 100vw, 1707px\" \/>\n        <\/div>\n        <div class=\"trombine__content\">\n            <div class=\"trombine__name\">Alicia Rus\u00e9<\/div>\n            <div class=\"trombine__job\">Rechtsabteilung<\/div>\n            <div class=\"trombine__description\"><ul>\n<li>10 Jahre Erfahrung als Rechtsanw\u00e4ltin f\u00fcr Bau- und Verkehrsunf\u00e4lle sowie Schadenersatz<\/li>\n<\/ul>\n<\/div>\n        <\/div>\n    <\/div>\n    <\/div>\n\n\n<div class=\"cell\">\n        <div class=\"trombine\">\n        <div class=\"trombine__picture\">\n            <img loading=\"lazy\" decoding=\"async\" width=\"1706\" height=\"2560\" src=\"https:\/\/www.assurances-rmt.fr\/app\/uploads\/2026\/05\/2025-RMT_BettyStange-scaled.jpg\" class=\"attachment-full size-full\" alt=\"\" srcset=\"https:\/\/www.assurances-rmt.fr\/app\/uploads\/2026\/05\/2025-RMT_BettyStange-scaled.jpg 1706w, https:\/\/www.assurances-rmt.fr\/app\/uploads\/2026\/05\/2025-RMT_BettyStange-200x300.jpg 200w, https:\/\/www.assurances-rmt.fr\/app\/uploads\/2026\/05\/2025-RMT_BettyStange-682x1024.jpg 682w, https:\/\/www.assurances-rmt.fr\/app\/uploads\/2026\/05\/2025-RMT_BettyStange-768x1152.jpg 768w, https:\/\/www.assurances-rmt.fr\/app\/uploads\/2026\/05\/2025-RMT_BettyStange-1024x1536.jpg 1024w, https:\/\/www.assurances-rmt.fr\/app\/uploads\/2026\/05\/2025-RMT_BettyStange-1365x2048.jpg 1365w\" sizes=\"auto, (max-width: 1706px) 100vw, 1706px\" \/>\n        <\/div>\n        <div class=\"trombine__content\">\n            <div class=\"trombine__name\">Betty Stange<\/div>\n            <div class=\"trombine__job\">Leiterin Produktionsdienst<\/div>\n            <div class=\"trombine__description\"><ul>\n<li>20 Jahre Erfahrung im Bereich Schadenversicherung und Underwriting<\/li>\n<\/ul>\n<\/div>\n        <\/div>\n    <\/div>\n    <\/div>\n\n\n<div class=\"cell\">\n        <div class=\"trombine\">\n        <div class=\"trombine__picture\">\n            <img loading=\"lazy\" decoding=\"async\" width=\"1706\" height=\"2560\" src=\"https:\/\/www.assurances-rmt.fr\/app\/uploads\/2026\/05\/2025-RMT_EmilieBertoni-scaled.jpg\" class=\"attachment-full size-full\" alt=\"\" srcset=\"https:\/\/www.assurances-rmt.fr\/app\/uploads\/2026\/05\/2025-RMT_EmilieBertoni-scaled.jpg 1706w, https:\/\/www.assurances-rmt.fr\/app\/uploads\/2026\/05\/2025-RMT_EmilieBertoni-200x300.jpg 200w, https:\/\/www.assurances-rmt.fr\/app\/uploads\/2026\/05\/2025-RMT_EmilieBertoni-682x1024.jpg 682w, https:\/\/www.assurances-rmt.fr\/app\/uploads\/2026\/05\/2025-RMT_EmilieBertoni-768x1152.jpg 768w, https:\/\/www.assurances-rmt.fr\/app\/uploads\/2026\/05\/2025-RMT_EmilieBertoni-1024x1536.jpg 1024w, https:\/\/www.assurances-rmt.fr\/app\/uploads\/2026\/05\/2025-RMT_EmilieBertoni-1365x2048.jpg 1365w\" sizes=\"auto, (max-width: 1706px) 100vw, 1706px\" \/>\n        <\/div>\n        <div class=\"trombine__content\">\n            <div class=\"trombine__name\">Emilie Bertoni<\/div>\n            <div class=\"trombine__job\">Leiterin der Schadenabteilung<\/div>\n            <div class=\"trombine__description\"><ul>\n<li>15 Jahre Erfahrung im Schadenmanagement<\/li>\n<\/ul>\n<\/div>\n        <\/div>\n    <\/div>\n    <\/div>\n\n\n<div class=\"cell\">\n        <div class=\"trombine\">\n        <div class=\"trombine__picture\">\n            <img loading=\"lazy\" decoding=\"async\" width=\"1706\" height=\"2560\" src=\"https:\/\/www.assurances-rmt.fr\/app\/uploads\/2026\/05\/trombi-vide-scaled.jpg\" class=\"attachment-full size-full\" alt=\"\" srcset=\"https:\/\/www.assurances-rmt.fr\/app\/uploads\/2026\/05\/trombi-vide-scaled.jpg 1706w, https:\/\/www.assurances-rmt.fr\/app\/uploads\/2026\/05\/trombi-vide-200x300.jpg 200w, https:\/\/www.assurances-rmt.fr\/app\/uploads\/2026\/05\/trombi-vide-682x1024.jpg 682w, https:\/\/www.assurances-rmt.fr\/app\/uploads\/2026\/05\/trombi-vide-768x1152.jpg 768w, https:\/\/www.assurances-rmt.fr\/app\/uploads\/2026\/05\/trombi-vide-1024x1536.jpg 1024w, https:\/\/www.assurances-rmt.fr\/app\/uploads\/2026\/05\/trombi-vide-1365x2048.jpg 1365w\" sizes=\"auto, (max-width: 1706px) 100vw, 1706px\" \/>\n        <\/div>\n        <div class=\"trombine__content\">\n            <div class=\"trombine__name\">Arnaud Walliang-Ougier<\/div>\n            <div class=\"trombine__job\">Leiter Verwaltung und Finanzen<\/div>\n            <div class=\"trombine__description\"><ul>\n<li>15 Jahre Erfahrung in der Buchhaltung und im Finanzwesen von Unternehmen<\/li>\n<\/ul>\n<\/div>\n        <\/div>\n    <\/div>\n    <\/div>\n\n<\/div>\n<\/div>\n\n\n\n<p class=\"has-text-align-center\">Fotos: \u00aePhilippeGroslier<\/p>\n\n<\/div>\n<\/section>\n","protected":false},"excerpt":{"rendered":"<p>Lassen Sie uns gemeinsam auf unsere Anf\u00e4nge zur\u00fcckblicken und erfahren Sie mehr \u00fcber die Geschichte von RMT Versicherungsmakler im Elsass <\/p>\n","protected":false},"author":1,"featured_media":119,"parent":2248,"menu_order":2,"comment_status":"closed","ping_status":"closed","template":"","meta":{"_acf_changed":false,"inline_featured_image":false,"footnotes":""},"class_list":["post-3237","page","type-page","status-publish","has-post-thumbnail","hentry"],"acf":[],"yoast_head":"<!-- This site is optimized with the Yoast SEO plugin v27.5 - https:\/\/yoast.com\/product\/yoast-seo-wordpress\/ -->\n<title>Unser Team - RMT Courtier en assurances<\/title>\n<meta name=\"description\" content=\"Lassen Sie uns gemeinsam auf unsere Anf\u00e4nge zur\u00fcckblicken und erfahren Sie mehr \u00fcber die Geschichte von RMT Versicherungsmakler im Elsass\" \/>\n<meta name=\"robots\" content=\"index, follow, max-snippet:-1, max-image-preview:large, max-video-preview:-1\" \/>\n<link rel=\"canonical\" href=\"https:\/\/www.assurances-rmt.fr\/de\/ueber-uns\/unser-team\/\" \/>\n<meta property=\"og:locale\" content=\"de_DE\" \/>\n<meta property=\"og:type\" content=\"article\" \/>\n<meta property=\"og:title\" content=\"Unser Team - RMT Courtier en assurances\" \/>\n<meta property=\"og:description\" content=\"Lassen Sie uns gemeinsam auf unsere Anf\u00e4nge zur\u00fcckblicken und erfahren Sie mehr \u00fcber die Geschichte von RMT Versicherungsmakler im Elsass\" \/>\n<meta property=\"og:url\" content=\"https:\/\/www.assurances-rmt.fr\/de\/ueber-uns\/unser-team\/\" \/>\n<meta property=\"og:site_name\" content=\"RMT Courtier en assurances\" \/>\n<meta property=\"article:modified_time\" content=\"2026-05-13T08:32:27+00:00\" \/>\n<meta property=\"og:image\" content=\"https:\/\/www.assurances-rmt.fr\/app\/uploads\/2023\/07\/rmt-equipe.jpg\" \/>\n\t<meta property=\"og:image:width\" content=\"616\" \/>\n\t<meta property=\"og:image:height\" content=\"327\" \/>\n\t<meta property=\"og:image:type\" content=\"image\/jpeg\" \/>\n<meta name=\"twitter:card\" content=\"summary_large_image\" \/>\n<script type=\"application\/ld+json\" class=\"yoast-schema-graph\">{\"@context\":\"https:\\\/\\\/schema.org\",\"@graph\":[{\"@type\":\"WebPage\",\"@id\":\"https:\\\/\\\/www.assurances-rmt.fr\\\/de\\\/ueber-uns\\\/unser-team\\\/\",\"url\":\"https:\\\/\\\/www.assurances-rmt.fr\\\/de\\\/ueber-uns\\\/unser-team\\\/\",\"name\":\"Unser Team - RMT Courtier en assurances\",\"isPartOf\":{\"@id\":\"https:\\\/\\\/www.assurances-rmt.fr\\\/de\\\/#website\"},\"primaryImageOfPage\":{\"@id\":\"https:\\\/\\\/www.assurances-rmt.fr\\\/de\\\/ueber-uns\\\/unser-team\\\/#primaryimage\"},\"image\":{\"@id\":\"https:\\\/\\\/www.assurances-rmt.fr\\\/de\\\/ueber-uns\\\/unser-team\\\/#primaryimage\"},\"thumbnailUrl\":\"https:\\\/\\\/www.assurances-rmt.fr\\\/app\\\/uploads\\\/2023\\\/07\\\/rmt-equipe.jpg\",\"datePublished\":\"2023-07-25T15:50:37+00:00\",\"dateModified\":\"2026-05-13T08:32:27+00:00\",\"description\":\"Lassen Sie uns gemeinsam auf unsere Anf\u00e4nge zur\u00fcckblicken und erfahren Sie mehr \u00fcber die Geschichte von RMT Versicherungsmakler im Elsass\",\"breadcrumb\":{\"@id\":\"https:\\\/\\\/www.assurances-rmt.fr\\\/de\\\/ueber-uns\\\/unser-team\\\/#breadcrumb\"},\"inLanguage\":\"de\",\"potentialAction\":[{\"@type\":\"ReadAction\",\"target\":[\"https:\\\/\\\/www.assurances-rmt.fr\\\/de\\\/ueber-uns\\\/unser-team\\\/\"]}]},{\"@type\":\"ImageObject\",\"inLanguage\":\"de\",\"@id\":\"https:\\\/\\\/www.assurances-rmt.fr\\\/de\\\/ueber-uns\\\/unser-team\\\/#primaryimage\",\"url\":\"https:\\\/\\\/www.assurances-rmt.fr\\\/app\\\/uploads\\\/2023\\\/07\\\/rmt-equipe.jpg\",\"contentUrl\":\"https:\\\/\\\/www.assurances-rmt.fr\\\/app\\\/uploads\\\/2023\\\/07\\\/rmt-equipe.jpg\",\"width\":616,\"height\":327},{\"@type\":\"BreadcrumbList\",\"@id\":\"https:\\\/\\\/www.assurances-rmt.fr\\\/de\\\/ueber-uns\\\/unser-team\\\/#breadcrumb\",\"itemListElement\":[{\"@type\":\"ListItem\",\"position\":1,\"name\":\"Startseite\",\"item\":\"https:\\\/\\\/www.assurances-rmt.fr\\\/de\\\/\"},{\"@type\":\"ListItem\",\"position\":2,\"name\":\"\u00dcber uns\",\"item\":\"https:\\\/\\\/www.assurances-rmt.fr\\\/de\\\/ueber-uns\\\/\"},{\"@type\":\"ListItem\",\"position\":3,\"name\":\"Unser Team\"}]},{\"@type\":\"WebSite\",\"@id\":\"https:\\\/\\\/www.assurances-rmt.fr\\\/de\\\/#website\",\"url\":\"https:\\\/\\\/www.assurances-rmt.fr\\\/de\\\/\",\"name\":\"RMT Courtier en assurances\",\"description\":\"Le conseiller des entreprises en strat\u00e9gie d&#039;assurance\",\"publisher\":{\"@id\":\"https:\\\/\\\/www.assurances-rmt.fr\\\/de\\\/#organization\"},\"potentialAction\":[{\"@type\":\"SearchAction\",\"target\":{\"@type\":\"EntryPoint\",\"urlTemplate\":\"https:\\\/\\\/www.assurances-rmt.fr\\\/de\\\/?s={search_term_string}\"},\"query-input\":{\"@type\":\"PropertyValueSpecification\",\"valueRequired\":true,\"valueName\":\"search_term_string\"}}],\"inLanguage\":\"de\"},{\"@type\":\"Organization\",\"@id\":\"https:\\\/\\\/www.assurances-rmt.fr\\\/de\\\/#organization\",\"name\":\"RMT Courtier en assurances\",\"url\":\"https:\\\/\\\/www.assurances-rmt.fr\\\/de\\\/\",\"logo\":{\"@type\":\"ImageObject\",\"inLanguage\":\"de\",\"@id\":\"https:\\\/\\\/www.assurances-rmt.fr\\\/de\\\/#\\\/schema\\\/logo\\\/image\\\/\",\"url\":\"https:\\\/\\\/www.assurances-rmt.fr\\\/app\\\/uploads\\\/2023\\\/07\\\/logo.svg\",\"contentUrl\":\"https:\\\/\\\/www.assurances-rmt.fr\\\/app\\\/uploads\\\/2023\\\/07\\\/logo.svg\",\"width\":300,\"height\":113,\"caption\":\"RMT Courtier en assurances\"},\"image\":{\"@id\":\"https:\\\/\\\/www.assurances-rmt.fr\\\/de\\\/#\\\/schema\\\/logo\\\/image\\\/\"},\"sameAs\":[\"https:\\\/\\\/www.linkedin.com\\\/company\\\/rmt-courtier-en-assurances\\\/\"]}]}<\/script>\n<!-- \/ Yoast SEO plugin. -->","yoast_head_json":{"title":"Unser Team - RMT Courtier en assurances","description":"Lassen Sie uns gemeinsam auf unsere Anf\u00e4nge zur\u00fcckblicken und erfahren Sie mehr \u00fcber die Geschichte von RMT Versicherungsmakler im Elsass","robots":{"index":"index","follow":"follow","max-snippet":"max-snippet:-1","max-image-preview":"max-image-preview:large","max-video-preview":"max-video-preview:-1"},"canonical":"https:\/\/www.assurances-rmt.fr\/de\/ueber-uns\/unser-team\/","og_locale":"de_DE","og_type":"article","og_title":"Unser Team - RMT Courtier en assurances","og_description":"Lassen Sie uns gemeinsam auf unsere Anf\u00e4nge zur\u00fcckblicken und erfahren Sie mehr \u00fcber die Geschichte von RMT Versicherungsmakler im Elsass","og_url":"https:\/\/www.assurances-rmt.fr\/de\/ueber-uns\/unser-team\/","og_site_name":"RMT Courtier en assurances","article_modified_time":"2026-05-13T08:32:27+00:00","og_image":[{"width":616,"height":327,"url":"https:\/\/www.assurances-rmt.fr\/app\/uploads\/2023\/07\/rmt-equipe.jpg","type":"image\/jpeg"}],"twitter_card":"summary_large_image","schema":{"@context":"https:\/\/schema.org","@graph":[{"@type":"WebPage","@id":"https:\/\/www.assurances-rmt.fr\/de\/ueber-uns\/unser-team\/","url":"https:\/\/www.assurances-rmt.fr\/de\/ueber-uns\/unser-team\/","name":"Unser Team - RMT Courtier en assurances","isPartOf":{"@id":"https:\/\/www.assurances-rmt.fr\/de\/#website"},"primaryImageOfPage":{"@id":"https:\/\/www.assurances-rmt.fr\/de\/ueber-uns\/unser-team\/#primaryimage"},"image":{"@id":"https:\/\/www.assurances-rmt.fr\/de\/ueber-uns\/unser-team\/#primaryimage"},"thumbnailUrl":"https:\/\/www.assurances-rmt.fr\/app\/uploads\/2023\/07\/rmt-equipe.jpg","datePublished":"2023-07-25T15:50:37+00:00","dateModified":"2026-05-13T08:32:27+00:00","description":"Lassen Sie uns gemeinsam auf unsere Anf\u00e4nge zur\u00fcckblicken und erfahren Sie mehr \u00fcber die Geschichte von RMT Versicherungsmakler im Elsass","breadcrumb":{"@id":"https:\/\/www.assurances-rmt.fr\/de\/ueber-uns\/unser-team\/#breadcrumb"},"inLanguage":"de","potentialAction":[{"@type":"ReadAction","target":["https:\/\/www.assurances-rmt.fr\/de\/ueber-uns\/unser-team\/"]}]},{"@type":"ImageObject","inLanguage":"de","@id":"https:\/\/www.assurances-rmt.fr\/de\/ueber-uns\/unser-team\/#primaryimage","url":"https:\/\/www.assurances-rmt.fr\/app\/uploads\/2023\/07\/rmt-equipe.jpg","contentUrl":"https:\/\/www.assurances-rmt.fr\/app\/uploads\/2023\/07\/rmt-equipe.jpg","width":616,"height":327},{"@type":"BreadcrumbList","@id":"https:\/\/www.assurances-rmt.fr\/de\/ueber-uns\/unser-team\/#breadcrumb","itemListElement":[{"@type":"ListItem","position":1,"name":"Startseite","item":"https:\/\/www.assurances-rmt.fr\/de\/"},{"@type":"ListItem","position":2,"name":"\u00dcber uns","item":"https:\/\/www.assurances-rmt.fr\/de\/ueber-uns\/"},{"@type":"ListItem","position":3,"name":"Unser Team"}]},{"@type":"WebSite","@id":"https:\/\/www.assurances-rmt.fr\/de\/#website","url":"https:\/\/www.assurances-rmt.fr\/de\/","name":"RMT Courtier en assurances","description":"Le conseiller des entreprises en strat\u00e9gie d&#039;assurance","publisher":{"@id":"https:\/\/www.assurances-rmt.fr\/de\/#organization"},"potentialAction":[{"@type":"SearchAction","target":{"@type":"EntryPoint","urlTemplate":"https:\/\/www.assurances-rmt.fr\/de\/?s={search_term_string}"},"query-input":{"@type":"PropertyValueSpecification","valueRequired":true,"valueName":"search_term_string"}}],"inLanguage":"de"},{"@type":"Organization","@id":"https:\/\/www.assurances-rmt.fr\/de\/#organization","name":"RMT Courtier en assurances","url":"https:\/\/www.assurances-rmt.fr\/de\/","logo":{"@type":"ImageObject","inLanguage":"de","@id":"https:\/\/www.assurances-rmt.fr\/de\/#\/schema\/logo\/image\/","url":"https:\/\/www.assurances-rmt.fr\/app\/uploads\/2023\/07\/logo.svg","contentUrl":"https:\/\/www.assurances-rmt.fr\/app\/uploads\/2023\/07\/logo.svg","width":300,"height":113,"caption":"RMT Courtier en assurances"},"image":{"@id":"https:\/\/www.assurances-rmt.fr\/de\/#\/schema\/logo\/image\/"},"sameAs":["https:\/\/www.linkedin.com\/company\/rmt-courtier-en-assurances\/"]}]}},"_links":{"self":[{"href":"https:\/\/www.assurances-rmt.fr\/de\/wp-json\/wp\/v2\/pages\/3237","targetHints":{"allow":["GET"]}}],"collection":[{"href":"https:\/\/www.assurances-rmt.fr\/de\/wp-json\/wp\/v2\/pages"}],"about":[{"href":"https:\/\/www.assurances-rmt.fr\/de\/wp-json\/wp\/v2\/types\/page"}],"author":[{"embeddable":true,"href":"https:\/\/www.assurances-rmt.fr\/de\/wp-json\/wp\/v2\/users\/1"}],"replies":[{"embeddable":true,"href":"https:\/\/www.assurances-rmt.fr\/de\/wp-json\/wp\/v2\/comments?post=3237"}],"version-history":[{"count":5,"href":"https:\/\/www.assurances-rmt.fr\/de\/wp-json\/wp\/v2\/pages\/3237\/revisions"}],"predecessor-version":[{"id":3285,"href":"https:\/\/www.assurances-rmt.fr\/de\/wp-json\/wp\/v2\/pages\/3237\/revisions\/3285"}],"up":[{"embeddable":true,"href":"https:\/\/www.assurances-rmt.fr\/de\/wp-json\/wp\/v2\/pages\/2248"}],"wp:featuredmedia":[{"embeddable":true,"href":"https:\/\/www.assurances-rmt.fr\/de\/wp-json\/wp\/v2\/media\/119"}],"wp:attachment":[{"href":"https:\/\/www.assurances-rmt.fr\/de\/wp-json\/wp\/v2\/media?parent=3237"}],"curies":[{"name":"wp","href":"https:\/\/api.w.org\/{rel}","templated":true}]}}