{"id":2481,"date":"2023-07-26T11:18:02","date_gmt":"2023-07-26T09:18:02","guid":{"rendered":"https:\/\/www.assurances-rmt.fr\/schadensabteilung\/"},"modified":"2025-08-19T09:13:18","modified_gmt":"2025-08-19T07:13:18","slug":"schadensabteilung","status":"publish","type":"page","link":"https:\/\/www.assurances-rmt.fr\/de\/schadensabteilung\/","title":{"rendered":"Schadensabteilung"},"content":{"rendered":"\n<section class=\"hero js-hero \" style=\"--hero-bg-image: url(https:\/\/www.assurances-rmt.fr\/app\/uploads\/2023\/08\/headersolutionsassurances.jpeg)\">\n    <div class=\"grid-container\">\n        <div class=\"hero__content\">\n                            <div class=\"breadcrumbs hero__breadcrumbs\"><span><span><a href=\"https:\/\/www.assurances-rmt.fr\/de\/\">Startseite<\/a><\/span><\/span><\/div>\n                        \n\n    <h1 class=\"title-double title-double--white\">\n            <span class=\"title-double__suptitle\">Unsere Versicherungsl\u00f6sungen<\/span>\n                    <span class=\"title-double__line2\">Schadensabteilung<\/span>\n        <\/h1>\n                        <p>Unser Maklerb\u00fcro verf\u00fcgt \u00fcber eine eigene Schadensabteilung, die Ihre Schadensf\u00e4lle sorgf\u00e4ltig bearbeitet \u2013 von der Meldung bis zur Auszahlung bzw. Schadensregulierung.<\/p>\n                                <\/div>\n    <\/div>\n    <a class=\"hero__scroll js-scroll\" href=\"#\"><svg aria-hidden=\"true\" role=\"img\" focusable=\"false\" class=\"picto\"><use href=\"#scroll\"\/><\/svg>\n<\/a>\n<\/section>\n\n\n\n\n\n<section class=\"section--color-white section--align-wide-content section--padding-medium section\" id=\"\" style=\"\">\n    <div class=\"grid-container\">\n<div class=\"grid-text-media\">\n\n<div class=\"grid-text-media-image\">\n    <div class=\"grid-text-media-image__item\">\n        <img loading=\"lazy\" width=\"1024\" height=\"684\" src=\"https:\/\/www.assurances-rmt.fr\/app\/uploads\/2023\/08\/personnebureau.jpg\" class=\"attachment-full size-full\" alt=\"\" decoding=\"async\" srcset=\"https:\/\/www.assurances-rmt.fr\/app\/uploads\/2023\/08\/personnebureau.jpg 1024w, https:\/\/www.assurances-rmt.fr\/app\/uploads\/2023\/08\/personnebureau-300x200.jpg 300w, https:\/\/www.assurances-rmt.fr\/app\/uploads\/2023\/08\/personnebureau-768x513.jpg 768w\" sizes=\"(max-width: 1024px) 100vw, 1024px\" \/>\n    <\/div>\n<\/div>\n\n\n<div class=\"grid-text-media-text\">\n    <div class=\"grid-text-media-text__content\">\n\n<h2 class=\"wp-block-heading\">Unsere Expertise<\/h2>\n\n\n\n<p>Bei RMT verstehen wir uns als Dienstleister mit einer starken menschlichen Komponente \u2013 das hei\u00dft: Wir legen gr\u00f6\u00dften Wert auf pers\u00f6nliche Betreuung und transparente Kommunikation. Damit wir Sie in jeder Situation bestm\u00f6glich unterst\u00fctzen k\u00f6nnen, steht Ihnen ein fester Ansprechpartner f\u00fcr die Verwaltung Ihrer Vertr\u00e4ge und Schadensf\u00e4lle zur Seite. <\/p>\n\n\n\n<p>Unser eingespieltes und kompetentes Team findet die passenden L\u00f6sungen f\u00fcr Sie \u2013 auch im Bereich der digitalen Tools. Gleichzeitig sorgt unsere Rechtsabteilung mit fundiertem juristischem Know-how f\u00fcr die n\u00f6tige Absicherung.<br\/>Damit all das reibungslos funktioniert, haben wir unsere internen Abl\u00e4ufe gezielt darauf ausgerichtet: Unsere Vertragsabteilung (\u201eProduction\u201c) und unsere Schadensabteilung (\u201eIndemnisation\u201c) arbeiten Hand in Hand und stehen in st\u00e4ndigem Austausch \u2013 f\u00fcr einen Service, der ganzheitlich denkt und nah an Ihnen bleibt.   <\/p>\n\n<\/div>\n<\/div>\n\n<\/div>\n\n<\/div>\n<\/section>\n\n\n\n\n\n<section class=\"section--color-white section--align-wide-small section--padding-medium section\" id=\"\" style=\"\">\n    <div class=\"grid-container\">\n\n<div class=\"text-format  default text-left\">\n\n<h2 class=\"wp-block-heading has-text-align-center\">Individuelle Betreuung Ihrer Schadensf\u00e4lle<\/h2>\n\n\n\n<p class=\"has-text-align-center\">Mit \u00fcber 30 Jahren Erfahrung in diesem Bereich haben wir verl\u00e4ssliche Abl\u00e4ufe f\u00fcr die Schadensmeldung und -bearbeitung entwickelt. F\u00fcr ein reibungsloses Schadenmanagement bietet Ihnen RMT Versicherungs\u00admakler eine langfristige Begleitung und garantiert eine sorgf\u00e4ltige Betreuung Ihrer Vertr\u00e4ge: <\/p>\n\n<\/div>\n\n\n<div class=\"picto-list\">\n\n    <div class=\"picto-list-item \">\n        <div class=\"picto-list-item__header\">\n            <div class=\"picto-list-item__picto\">\n                <svg aria-hidden=\"true\" role=\"img\" focusable=\"false\" class=\"picto\"><use href=\"#arrow-right\"\/><\/svg>\n\n            <\/div>\n            <div class=\"picto-list-item__title\">Pers\u00f6nliche und individuelle Betreuung Ihrer Schadensf\u00e4lle<\/div>\n        <\/div>\n    <\/div>\n\n\n\n    <div class=\"picto-list-item \">\n        <div class=\"picto-list-item__header\">\n            <div class=\"picto-list-item__picto\">\n                <svg aria-hidden=\"true\" role=\"img\" focusable=\"false\" class=\"picto\"><use href=\"#arrow-right\"\/><\/svg>\n\n            <\/div>\n            <div class=\"picto-list-item__title\">Vertretung Ihrer Interessen gegen\u00fcber den Versicherungsgesellschaften<\/div>\n        <\/div>\n    <\/div>\n\n\n\n    <div class=\"picto-list-item \">\n        <div class=\"picto-list-item__header\">\n            <div class=\"picto-list-item__picto\">\n                <svg aria-hidden=\"true\" role=\"img\" focusable=\"false\" class=\"picto\"><use href=\"#arrow-right\"\/><\/svg>\n\n            <\/div>\n            <div class=\"picto-list-item__title\">Koordination der Kommunikation mit Gutachtern, Schadensregulierern, Versicherern und \u2013 falls erforderlich \u2013 auch mit Anw\u00e4lten<\/div>\n        <\/div>\n    <\/div>\n\n\n\n    <div class=\"picto-list-item \">\n        <div class=\"picto-list-item__header\">\n            <div class=\"picto-list-item__picto\">\n                <svg aria-hidden=\"true\" role=\"img\" focusable=\"false\" class=\"picto\"><use href=\"#arrow-right\"\/><\/svg>\n\n            <\/div>\n            <div class=\"picto-list-item__title\">Begleitung vor Ort und unabh\u00e4ngige juristische Analyse bei komplexen Begutachtungen<\/div>\n        <\/div>\n    <\/div>\n\n\n\n    <div class=\"picto-list-item \">\n        <div class=\"picto-list-item__header\">\n            <div class=\"picto-list-item__picto\">\n                <svg aria-hidden=\"true\" role=\"img\" focusable=\"false\" class=\"picto\"><use href=\"#arrow-right\"\/><\/svg>\n\n            <\/div>\n            <div class=\"picto-list-item__title\">Kontinuierliches juristisches Monitoring (Rechtslage, Entwicklungen etc.)<\/div>\n        <\/div>\n    <\/div>\n\n\n\n    <div class=\"picto-list-item \">\n        <div class=\"picto-list-item__header\">\n            <div class=\"picto-list-item__picto\">\n                <svg aria-hidden=\"true\" role=\"img\" focusable=\"false\" class=\"picto\"><use href=\"#arrow-right\"\/><\/svg>\n\n            <\/div>\n            <div class=\"picto-list-item__title\">Risikopr\u00e4vention durch individuelle, auf Ihre Bed\u00fcrfnisse zugeschnittene Statistikauswertungen<\/div>\n        <\/div>\n    <\/div>\n\n\n\n    <div class=\"picto-list-item \">\n        <div class=\"picto-list-item__header\">\n            <div class=\"picto-list-item__picto\">\n                <svg aria-hidden=\"true\" role=\"img\" focusable=\"false\" class=\"picto\"><use href=\"#arrow-right\"\/><\/svg>\n\n            <\/div>\n            <div class=\"picto-list-item__title\">Unfallanalysen (H\u00e4ufigkeiten, Kosten, Schadentypen etc.) sowie Vergleichsauswertungen Ihrer Schadenshistorie<\/div>\n        <\/div>\n    <\/div>\n\n<\/div>\n\n<\/div>\n<\/section>\n\n\n\n\n\n<section class=\"section--color-white section--align-wide-content section--padding-medium section\" id=\"\" style=\"\">\n    <div class=\"grid-container\">\n<div class=\"grid-text-media\">\n<div class=\"grid-text-media-text\">\n    <div class=\"grid-text-media-text__content\">\n\n<h2 class=\"wp-block-heading has-text-align-right\">Risikomanagement mit Weitblick<\/h2>\n\n\n\n<p class=\"has-text-align-right\">Wir bieten Ihnen erg\u00e4nzende Dienstleistungen rund um das Thema Risikopr\u00e4vention \u2013 darunter eine detaillierte Analyse Ihrer Schadenshistorie sowie eine fundierte Bewertung potenzieller Risiken. Gemeinsam mit Ihnen entwickeln wir passende Pr\u00e4ventionsma\u00dfnahmen.<br\/>Bereits im Jahr 2001 haben wir eine eigene Software zur Schadensverwaltung entwickelt. Dieses Statistik-Tool erm\u00f6glicht nicht nur eine pr\u00e4zise Nachverfolgung Ihrer Schadensf\u00e4lle, sondern auch eine fundierte Analyse von Unfallursachen und -mustern.  <\/p>\n\n<\/div>\n<\/div>\n\n\n\n<div class=\"grid-text-media-image\">\n    <div class=\"grid-text-media-image__item\">\n        <img loading=\"lazy\" width=\"900\" height=\"497\" src=\"https:\/\/www.assurances-rmt.fr\/app\/uploads\/2023\/08\/personnetravail.jpg\" class=\"attachment-full size-full\" alt=\"\" decoding=\"async\" srcset=\"https:\/\/www.assurances-rmt.fr\/app\/uploads\/2023\/08\/personnetravail.jpg 900w, https:\/\/www.assurances-rmt.fr\/app\/uploads\/2023\/08\/personnetravail-300x166.jpg 300w, https:\/\/www.assurances-rmt.fr\/app\/uploads\/2023\/08\/personnetravail-768x424.jpg 768w\" sizes=\"(max-width: 900px) 100vw, 900px\" \/>\n    <\/div>\n<\/div>\n\n<\/div>\n\n<\/div>\n<\/section>\n","protected":false},"excerpt":{"rendered":"<p>Schadenf\u00e4lle erfordern Flexibilit\u00e4t \u2013 man muss auf jede Situation schnell und passend reagieren k\u00f6nnen. Bei RMT Versicherungsmakler analysieren wir Ihre Schadenhistorie in allen Details, um Risiken zu erkennen und mit ma\u00dfgeschneiderten Pr\u00e4ventionsma\u00dfnahmen gegensteuern zu k\u00f6nnen. <\/p>\n","protected":false},"author":1,"featured_media":0,"parent":0,"menu_order":5,"comment_status":"closed","ping_status":"closed","template":"","meta":{"inline_featured_image":false,"footnotes":""},"acf":[],"yoast_head":"<!-- This site is optimized with the Yoast SEO plugin v20.13 - https:\/\/yoast.com\/wordpress\/plugins\/seo\/ -->\n<title>Schadensabteilung - RMT Courtier en assurances<\/title>\n<meta name=\"description\" content=\"Schadenf\u00e4lle erfordern Flexibilit\u00e4t \u2013 man muss auf jede Situation schnell und passend reagieren k\u00f6nnen. Bei RMT Versicherungsmakler analysieren wir Ihre Schadenhistorie in allen Details, um Risiken zu erkennen und mit ma\u00dfgeschneiderten Pr\u00e4ventionsma\u00dfnahmen gegensteuern zu k\u00f6nnen.\" \/>\n<meta name=\"robots\" content=\"index, follow, max-snippet:-1, max-image-preview:large, max-video-preview:-1\" \/>\n<link rel=\"canonical\" href=\"https:\/\/www.assurances-rmt.fr\/de\/schadensabteilung\/\" \/>\n<meta property=\"og:locale\" content=\"de_DE\" \/>\n<meta property=\"og:type\" content=\"article\" \/>\n<meta property=\"og:title\" content=\"Schadensabteilung - RMT Courtier en assurances\" \/>\n<meta property=\"og:description\" content=\"Schadenf\u00e4lle erfordern Flexibilit\u00e4t \u2013 man muss auf jede Situation schnell und passend reagieren k\u00f6nnen. Bei RMT Versicherungsmakler analysieren wir Ihre Schadenhistorie in allen Details, um Risiken zu erkennen und mit ma\u00dfgeschneiderten Pr\u00e4ventionsma\u00dfnahmen gegensteuern zu k\u00f6nnen.\" \/>\n<meta property=\"og:url\" content=\"https:\/\/www.assurances-rmt.fr\/de\/schadensabteilung\/\" \/>\n<meta property=\"og:site_name\" content=\"RMT Courtier en assurances\" \/>\n<meta property=\"article:modified_time\" content=\"2025-08-19T07:13:18+00:00\" \/>\n<meta name=\"twitter:card\" content=\"summary_large_image\" \/>\n<meta name=\"twitter:label1\" content=\"Gesch\u00e4tzte Lesezeit\" \/>\n\t<meta name=\"twitter:data1\" content=\"1 Minute\" \/>\n<script type=\"application\/ld+json\" class=\"yoast-schema-graph\">{\"@context\":\"https:\/\/schema.org\",\"@graph\":[{\"@type\":\"WebPage\",\"@id\":\"https:\/\/www.assurances-rmt.fr\/de\/schadensabteilung\/\",\"url\":\"https:\/\/www.assurances-rmt.fr\/de\/schadensabteilung\/\",\"name\":\"Schadensabteilung - RMT Courtier en assurances\",\"isPartOf\":{\"@id\":\"https:\/\/www.assurances-rmt.fr\/de\/#website\"},\"datePublished\":\"2023-07-26T09:18:02+00:00\",\"dateModified\":\"2025-08-19T07:13:18+00:00\",\"description\":\"Schadenf\u00e4lle erfordern Flexibilit\u00e4t \u2013 man muss auf jede Situation schnell und passend reagieren k\u00f6nnen. Bei RMT Versicherungsmakler analysieren wir Ihre Schadenhistorie in allen Details, um Risiken zu erkennen und mit ma\u00dfgeschneiderten Pr\u00e4ventionsma\u00dfnahmen gegensteuern zu k\u00f6nnen.\",\"breadcrumb\":{\"@id\":\"https:\/\/www.assurances-rmt.fr\/de\/schadensabteilung\/#breadcrumb\"},\"inLanguage\":\"de-DE\",\"potentialAction\":[{\"@type\":\"ReadAction\",\"target\":[\"https:\/\/www.assurances-rmt.fr\/de\/schadensabteilung\/\"]}]},{\"@type\":\"BreadcrumbList\",\"@id\":\"https:\/\/www.assurances-rmt.fr\/de\/schadensabteilung\/#breadcrumb\",\"itemListElement\":[{\"@type\":\"ListItem\",\"position\":1,\"name\":\"Startseite\",\"item\":\"https:\/\/www.assurances-rmt.fr\/de\/\"},{\"@type\":\"ListItem\",\"position\":2,\"name\":\"Schadensabteilung\"}]},{\"@type\":\"WebSite\",\"@id\":\"https:\/\/www.assurances-rmt.fr\/de\/#website\",\"url\":\"https:\/\/www.assurances-rmt.fr\/de\/\",\"name\":\"RMT Courtier en assurances\",\"description\":\"Le conseiller des entreprises en strat\u00e9gie d&#039;assurance\",\"publisher\":{\"@id\":\"https:\/\/www.assurances-rmt.fr\/de\/#organization\"},\"potentialAction\":[{\"@type\":\"SearchAction\",\"target\":{\"@type\":\"EntryPoint\",\"urlTemplate\":\"https:\/\/www.assurances-rmt.fr\/de\/?s={search_term_string}\"},\"query-input\":\"required name=search_term_string\"}],\"inLanguage\":\"de-DE\"},{\"@type\":\"Organization\",\"@id\":\"https:\/\/www.assurances-rmt.fr\/de\/#organization\",\"name\":\"RMT Courtier en assurances\",\"url\":\"https:\/\/www.assurances-rmt.fr\/de\/\",\"logo\":{\"@type\":\"ImageObject\",\"inLanguage\":\"de-DE\",\"@id\":\"https:\/\/www.assurances-rmt.fr\/de\/#\/schema\/logo\/image\/\",\"url\":\"https:\/\/www.assurances-rmt.fr\/app\/uploads\/2023\/07\/logo.svg\",\"contentUrl\":\"https:\/\/www.assurances-rmt.fr\/app\/uploads\/2023\/07\/logo.svg\",\"width\":300,\"height\":113,\"caption\":\"RMT Courtier en assurances\"},\"image\":{\"@id\":\"https:\/\/www.assurances-rmt.fr\/de\/#\/schema\/logo\/image\/\"},\"sameAs\":[\"https:\/\/www.linkedin.com\/company\/rmt-courtier-en-assurances\/\"]}]}<\/script>\n<!-- \/ Yoast SEO plugin. -->","yoast_head_json":{"title":"Schadensabteilung - RMT Courtier en assurances","description":"Schadenf\u00e4lle erfordern Flexibilit\u00e4t \u2013 man muss auf jede Situation schnell und passend reagieren k\u00f6nnen. Bei RMT Versicherungsmakler analysieren wir Ihre Schadenhistorie in allen Details, um Risiken zu erkennen und mit ma\u00dfgeschneiderten Pr\u00e4ventionsma\u00dfnahmen gegensteuern zu k\u00f6nnen.","robots":{"index":"index","follow":"follow","max-snippet":"max-snippet:-1","max-image-preview":"max-image-preview:large","max-video-preview":"max-video-preview:-1"},"canonical":"https:\/\/www.assurances-rmt.fr\/de\/schadensabteilung\/","og_locale":"de_DE","og_type":"article","og_title":"Schadensabteilung - RMT Courtier en assurances","og_description":"Schadenf\u00e4lle erfordern Flexibilit\u00e4t \u2013 man muss auf jede Situation schnell und passend reagieren k\u00f6nnen. Bei RMT Versicherungsmakler analysieren wir Ihre Schadenhistorie in allen Details, um Risiken zu erkennen und mit ma\u00dfgeschneiderten Pr\u00e4ventionsma\u00dfnahmen gegensteuern zu k\u00f6nnen.","og_url":"https:\/\/www.assurances-rmt.fr\/de\/schadensabteilung\/","og_site_name":"RMT Courtier en assurances","article_modified_time":"2025-08-19T07:13:18+00:00","twitter_card":"summary_large_image","twitter_misc":{"Gesch\u00e4tzte Lesezeit":"1 Minute"},"schema":{"@context":"https:\/\/schema.org","@graph":[{"@type":"WebPage","@id":"https:\/\/www.assurances-rmt.fr\/de\/schadensabteilung\/","url":"https:\/\/www.assurances-rmt.fr\/de\/schadensabteilung\/","name":"Schadensabteilung - RMT Courtier en assurances","isPartOf":{"@id":"https:\/\/www.assurances-rmt.fr\/de\/#website"},"datePublished":"2023-07-26T09:18:02+00:00","dateModified":"2025-08-19T07:13:18+00:00","description":"Schadenf\u00e4lle erfordern Flexibilit\u00e4t \u2013 man muss auf jede Situation schnell und passend reagieren k\u00f6nnen. Bei RMT Versicherungsmakler analysieren wir Ihre Schadenhistorie in allen Details, um Risiken zu erkennen und mit ma\u00dfgeschneiderten Pr\u00e4ventionsma\u00dfnahmen gegensteuern zu k\u00f6nnen.","breadcrumb":{"@id":"https:\/\/www.assurances-rmt.fr\/de\/schadensabteilung\/#breadcrumb"},"inLanguage":"de-DE","potentialAction":[{"@type":"ReadAction","target":["https:\/\/www.assurances-rmt.fr\/de\/schadensabteilung\/"]}]},{"@type":"BreadcrumbList","@id":"https:\/\/www.assurances-rmt.fr\/de\/schadensabteilung\/#breadcrumb","itemListElement":[{"@type":"ListItem","position":1,"name":"Startseite","item":"https:\/\/www.assurances-rmt.fr\/de\/"},{"@type":"ListItem","position":2,"name":"Schadensabteilung"}]},{"@type":"WebSite","@id":"https:\/\/www.assurances-rmt.fr\/de\/#website","url":"https:\/\/www.assurances-rmt.fr\/de\/","name":"RMT Courtier en assurances","description":"Le conseiller des entreprises en strat\u00e9gie d&#039;assurance","publisher":{"@id":"https:\/\/www.assurances-rmt.fr\/de\/#organization"},"potentialAction":[{"@type":"SearchAction","target":{"@type":"EntryPoint","urlTemplate":"https:\/\/www.assurances-rmt.fr\/de\/?s={search_term_string}"},"query-input":"required name=search_term_string"}],"inLanguage":"de-DE"},{"@type":"Organization","@id":"https:\/\/www.assurances-rmt.fr\/de\/#organization","name":"RMT Courtier en assurances","url":"https:\/\/www.assurances-rmt.fr\/de\/","logo":{"@type":"ImageObject","inLanguage":"de-DE","@id":"https:\/\/www.assurances-rmt.fr\/de\/#\/schema\/logo\/image\/","url":"https:\/\/www.assurances-rmt.fr\/app\/uploads\/2023\/07\/logo.svg","contentUrl":"https:\/\/www.assurances-rmt.fr\/app\/uploads\/2023\/07\/logo.svg","width":300,"height":113,"caption":"RMT Courtier en assurances"},"image":{"@id":"https:\/\/www.assurances-rmt.fr\/de\/#\/schema\/logo\/image\/"},"sameAs":["https:\/\/www.linkedin.com\/company\/rmt-courtier-en-assurances\/"]}]}},"_links":{"self":[{"href":"https:\/\/www.assurances-rmt.fr\/de\/wp-json\/wp\/v2\/pages\/2481"}],"collection":[{"href":"https:\/\/www.assurances-rmt.fr\/de\/wp-json\/wp\/v2\/pages"}],"about":[{"href":"https:\/\/www.assurances-rmt.fr\/de\/wp-json\/wp\/v2\/types\/page"}],"author":[{"embeddable":true,"href":"https:\/\/www.assurances-rmt.fr\/de\/wp-json\/wp\/v2\/users\/1"}],"replies":[{"embeddable":true,"href":"https:\/\/www.assurances-rmt.fr\/de\/wp-json\/wp\/v2\/comments?post=2481"}],"version-history":[{"count":3,"href":"https:\/\/www.assurances-rmt.fr\/de\/wp-json\/wp\/v2\/pages\/2481\/revisions"}],"predecessor-version":[{"id":2484,"href":"https:\/\/www.assurances-rmt.fr\/de\/wp-json\/wp\/v2\/pages\/2481\/revisions\/2484"}],"wp:attachment":[{"href":"https:\/\/www.assurances-rmt.fr\/de\/wp-json\/wp\/v2\/media?parent=2481"}],"curies":[{"name":"wp","href":"https:\/\/api.w.org\/{rel}","templated":true}]}}