{"id":2248,"date":"2023-07-25T17:49:16","date_gmt":"2023-07-25T15:49:16","guid":{"rendered":"https:\/\/www.assurances-rmt.fr\/ueber-uns\/"},"modified":"2025-07-29T16:50:44","modified_gmt":"2025-07-29T14:50:44","slug":"ueber-uns","status":"publish","type":"page","link":"https:\/\/www.assurances-rmt.fr\/de\/ueber-uns\/","title":{"rendered":"\u00dcber uns"},"content":{"rendered":"\n<section class=\"hero js-hero \" style=\"--hero-bg-image: url(https:\/\/www.assurances-rmt.fr\/app\/uploads\/2023\/08\/logormt.jpg)\">\n    <div class=\"grid-container\">\n        <div class=\"hero__content\">\n                            <div class=\"breadcrumbs hero__breadcrumbs\"><span><span><a href=\"https:\/\/www.assurances-rmt.fr\/de\/\">Startseite<\/a><\/span><\/span><\/div>\n                        \n\n    <h1 class=\"title-double title-double--white\">\n                <span class=\"title-double__line1\">RMT Versicherungsmakler<\/span>\n                <span class=\"title-double__line2\">\u00dcber uns<\/span>\n        <\/h1>\n                        <p>Bereits seit 1994 erarbeitet RMT umfassende und individuelle Versicherungsl\u00f6sungen f\u00fcr Unternehmen und Freiberufler. Bei uns stehen Sie als Kunde im Mittelpunkt \u2013 vom Vertragsabschluss bis zum Schadensfall. <\/p>\n                                <\/div>\n    <\/div>\n    <a class=\"hero__scroll js-scroll\" href=\"#\"><svg aria-hidden=\"true\" role=\"img\" focusable=\"false\" class=\"picto\"><use href=\"#scroll\"\/><\/svg>\n<\/a>\n<\/section>\n\n\n\n\n\n\n\n<section class=\"section--color-secondary_background section--align-wide-content section--padding-medium section\" id=\"\" style=\"\">\n    <div class=\"grid-container\">\n<div class=\"grid-x grid-margin-x grid-padding-y grid-simple align-top \">\n\n<div class=\"cell__wp-content align-self-top cell medium-6\">\n\n<p><\/p>\n\n\n\n<figure class=\"wp-block-image size-full\"><img decoding=\"async\" loading=\"lazy\" width=\"1000\" height=\"667\" src=\"https:\/\/www.assurances-rmt.fr\/app\/uploads\/2023\/09\/RMT-MmeRoger-2.jpg\" alt=\"\" class=\"wp-image-621\" srcset=\"https:\/\/www.assurances-rmt.fr\/app\/uploads\/2023\/09\/RMT-MmeRoger-2.jpg 1000w, https:\/\/www.assurances-rmt.fr\/app\/uploads\/2023\/09\/RMT-MmeRoger-2-300x200.jpg 300w, https:\/\/www.assurances-rmt.fr\/app\/uploads\/2023\/09\/RMT-MmeRoger-2-768x512.jpg 768w\" sizes=\"(max-width: 1000px) 100vw, 1000px\" \/><\/figure>\n\n<\/div>\n\n\n\n<div class=\"cell__wp-content align-self-top cell medium-6\">\n\n<h2 class=\"wp-block-heading\">Wir sind ein qualifiziertes und engagiertes Team von Versicherungsfachleuten<\/h2>\n\n\n\n<p>Uns zeichnet aus:<\/p>\n\n\n\n<ul>\n<li>Enge und effiziente Zusammenarbeit unserer Teams<\/li>\n\n\n\n<li>Umfassendes Know-how und hohe Sorgfalt<\/li>\n\n\n\n<li>Flexibles und schnelles Eingehen auf die individuelle Situation unserer Kunden<\/li>\n\n\n\n<li>Regelm\u00e4\u00dfige Fortbildungen<\/li>\n<\/ul>\n\n<\/div>\n\n<\/div>\n\n<\/div>\n<\/section>\n\n\n\n\n\n\n\n<section class=\"section--color-white section--align-wide-content section--padding-medium section\" id=\"\" style=\"\">\n    <div class=\"grid-container\">\n<div class=\"grid-text-media\">\n<div class=\"grid-text-media-text\">\n    <div class=\"grid-text-media-text__content\">\n\n<h2 class=\"wp-block-heading has-text-align-right\">An Ihrer Seite in allen Versicherungsfragen<\/h2>\n\n\n\n<p class=\"has-text-align-right\">Als unabh\u00e4ngiger Makler arbeiten wir optimal auf Ihr Unternehmen zugeschnittene Versicherungsvertr\u00e4ge aus, beraten Sie in allen Versicherungsfragen und begleiten Sie w\u00e4hrend der gesamten Laufzeit Ihrer Versicherungen.<\/p>\n\n\n\n<p class=\"has-text-align-right\">F\u00fcr jedes Projekt steht Ihnen eine feste Ansprechperson aus unserem Team zur Seite. So entsteht eine vertrauensvolle Zusammenarbeit. Entsprechend hoch ist die Qualit\u00e4t der Betreuung. <\/p>\n\n<\/div>\n<\/div>\n\n\n\n<div class=\"grid-text-media-image\">\n    <div class=\"grid-text-media-image__item\">\n        <img loading=\"lazy\" width=\"2048\" height=\"1212\" src=\"https:\/\/www.assurances-rmt.fr\/app\/uploads\/2023\/08\/notre-histoire.jpeg\" class=\"attachment-full size-full\" alt=\"\" decoding=\"async\" srcset=\"https:\/\/www.assurances-rmt.fr\/app\/uploads\/2023\/08\/notre-histoire.jpeg 2048w, https:\/\/www.assurances-rmt.fr\/app\/uploads\/2023\/08\/notre-histoire-300x178.jpeg 300w, https:\/\/www.assurances-rmt.fr\/app\/uploads\/2023\/08\/notre-histoire-1024x606.jpeg 1024w, https:\/\/www.assurances-rmt.fr\/app\/uploads\/2023\/08\/notre-histoire-768x455.jpeg 768w, https:\/\/www.assurances-rmt.fr\/app\/uploads\/2023\/08\/notre-histoire-1536x909.jpeg 1536w\" sizes=\"(max-width: 2048px) 100vw, 2048px\" \/>\n    <\/div>\n<\/div>\n\n<\/div>\n\n<\/div>\n<\/section>\n","protected":false},"excerpt":{"rendered":"<p>Bereits seit 1994 erarbeitet RMT umfassende und individuelle Versicherungsl\u00f6sungen f\u00fcr Unternehmen und Freiberufler. Bei uns stehen Sie als Kunde im Mittelpunkt \u2013 vom Vertragsabschluss bis zum Schadensfall. <\/p>\n","protected":false},"author":1,"featured_media":0,"parent":0,"menu_order":2,"comment_status":"closed","ping_status":"closed","template":"","meta":{"inline_featured_image":false,"footnotes":""},"acf":[],"yoast_head":"<!-- This site is optimized with the Yoast SEO plugin v20.13 - https:\/\/yoast.com\/wordpress\/plugins\/seo\/ -->\n<title>Versicherung f\u00fcr Unternehmen Strasbourg: Entdecken Sie RMT Versicherungsmakler<\/title>\n<meta name=\"description\" content=\"Bereits seit 1994 erarbeitet RMT umfassende und individuelle Versicherungsl\u00f6sungen f\u00fcr Unternehmen und Freiberufler. Bei uns stehen Sie als Kunde im Mittelpunkt \u2013 vom Vertragsabschluss bis zum Schadensfall.\" \/>\n<meta name=\"robots\" content=\"index, follow, max-snippet:-1, max-image-preview:large, max-video-preview:-1\" \/>\n<link rel=\"canonical\" href=\"https:\/\/www.assurances-rmt.fr\/de\/ueber-uns\/\" \/>\n<meta property=\"og:locale\" content=\"de_DE\" \/>\n<meta property=\"og:type\" content=\"article\" \/>\n<meta property=\"og:title\" content=\"Versicherung f\u00fcr Unternehmen Strasbourg: Entdecken Sie RMT Versicherungsmakler\" \/>\n<meta property=\"og:description\" content=\"Bereits seit 1994 erarbeitet RMT umfassende und individuelle Versicherungsl\u00f6sungen f\u00fcr Unternehmen und Freiberufler. Bei uns stehen Sie als Kunde im Mittelpunkt \u2013 vom Vertragsabschluss bis zum Schadensfall.\" \/>\n<meta property=\"og:url\" content=\"https:\/\/www.assurances-rmt.fr\/de\/ueber-uns\/\" \/>\n<meta property=\"og:site_name\" content=\"RMT Courtier en assurances\" \/>\n<meta property=\"article:modified_time\" content=\"2025-07-29T14:50:44+00:00\" \/>\n<meta property=\"og:image\" content=\"https:\/\/www.assurances-rmt.fr\/app\/uploads\/2023\/09\/RMT-MmeRoger-2.jpg\" \/>\n<meta name=\"twitter:card\" content=\"summary_large_image\" \/>\n<meta name=\"twitter:label1\" content=\"Gesch\u00e4tzte Lesezeit\" \/>\n\t<meta name=\"twitter:data1\" content=\"1 Minute\" \/>\n<script type=\"application\/ld+json\" class=\"yoast-schema-graph\">{\"@context\":\"https:\/\/schema.org\",\"@graph\":[{\"@type\":\"WebPage\",\"@id\":\"https:\/\/www.assurances-rmt.fr\/de\/ueber-uns\/\",\"url\":\"https:\/\/www.assurances-rmt.fr\/de\/ueber-uns\/\",\"name\":\"Versicherung f\u00fcr Unternehmen Strasbourg: Entdecken Sie RMT Versicherungsmakler\",\"isPartOf\":{\"@id\":\"https:\/\/www.assurances-rmt.fr\/de\/#website\"},\"datePublished\":\"2023-07-25T15:49:16+00:00\",\"dateModified\":\"2025-07-29T14:50:44+00:00\",\"description\":\"Bereits seit 1994 erarbeitet RMT umfassende und individuelle Versicherungsl\u00f6sungen f\u00fcr Unternehmen und Freiberufler. Bei uns stehen Sie als Kunde im Mittelpunkt \u2013 vom Vertragsabschluss bis zum Schadensfall.\",\"breadcrumb\":{\"@id\":\"https:\/\/www.assurances-rmt.fr\/de\/ueber-uns\/#breadcrumb\"},\"inLanguage\":\"de-DE\",\"potentialAction\":[{\"@type\":\"ReadAction\",\"target\":[\"https:\/\/www.assurances-rmt.fr\/de\/ueber-uns\/\"]}]},{\"@type\":\"BreadcrumbList\",\"@id\":\"https:\/\/www.assurances-rmt.fr\/de\/ueber-uns\/#breadcrumb\",\"itemListElement\":[{\"@type\":\"ListItem\",\"position\":1,\"name\":\"Startseite\",\"item\":\"https:\/\/www.assurances-rmt.fr\/de\/\"},{\"@type\":\"ListItem\",\"position\":2,\"name\":\"\u00dcber uns\"}]},{\"@type\":\"WebSite\",\"@id\":\"https:\/\/www.assurances-rmt.fr\/de\/#website\",\"url\":\"https:\/\/www.assurances-rmt.fr\/de\/\",\"name\":\"RMT Courtier en assurances\",\"description\":\"Le conseiller des entreprises en strat\u00e9gie d&#039;assurance\",\"publisher\":{\"@id\":\"https:\/\/www.assurances-rmt.fr\/de\/#organization\"},\"potentialAction\":[{\"@type\":\"SearchAction\",\"target\":{\"@type\":\"EntryPoint\",\"urlTemplate\":\"https:\/\/www.assurances-rmt.fr\/de\/?s={search_term_string}\"},\"query-input\":\"required name=search_term_string\"}],\"inLanguage\":\"de-DE\"},{\"@type\":\"Organization\",\"@id\":\"https:\/\/www.assurances-rmt.fr\/de\/#organization\",\"name\":\"RMT Courtier en assurances\",\"url\":\"https:\/\/www.assurances-rmt.fr\/de\/\",\"logo\":{\"@type\":\"ImageObject\",\"inLanguage\":\"de-DE\",\"@id\":\"https:\/\/www.assurances-rmt.fr\/de\/#\/schema\/logo\/image\/\",\"url\":\"https:\/\/www.assurances-rmt.fr\/app\/uploads\/2023\/07\/logo.svg\",\"contentUrl\":\"https:\/\/www.assurances-rmt.fr\/app\/uploads\/2023\/07\/logo.svg\",\"width\":300,\"height\":113,\"caption\":\"RMT Courtier en assurances\"},\"image\":{\"@id\":\"https:\/\/www.assurances-rmt.fr\/de\/#\/schema\/logo\/image\/\"},\"sameAs\":[\"https:\/\/www.linkedin.com\/company\/rmt-courtier-en-assurances\/\"]}]}<\/script>\n<!-- \/ Yoast SEO plugin. -->","yoast_head_json":{"title":"Versicherung f\u00fcr Unternehmen Strasbourg: Entdecken Sie RMT Versicherungsmakler","description":"Bereits seit 1994 erarbeitet RMT umfassende und individuelle Versicherungsl\u00f6sungen f\u00fcr Unternehmen und Freiberufler. Bei uns stehen Sie als Kunde im Mittelpunkt \u2013 vom Vertragsabschluss bis zum Schadensfall.","robots":{"index":"index","follow":"follow","max-snippet":"max-snippet:-1","max-image-preview":"max-image-preview:large","max-video-preview":"max-video-preview:-1"},"canonical":"https:\/\/www.assurances-rmt.fr\/de\/ueber-uns\/","og_locale":"de_DE","og_type":"article","og_title":"Versicherung f\u00fcr Unternehmen Strasbourg: Entdecken Sie RMT Versicherungsmakler","og_description":"Bereits seit 1994 erarbeitet RMT umfassende und individuelle Versicherungsl\u00f6sungen f\u00fcr Unternehmen und Freiberufler. Bei uns stehen Sie als Kunde im Mittelpunkt \u2013 vom Vertragsabschluss bis zum Schadensfall.","og_url":"https:\/\/www.assurances-rmt.fr\/de\/ueber-uns\/","og_site_name":"RMT Courtier en assurances","article_modified_time":"2025-07-29T14:50:44+00:00","og_image":[{"url":"https:\/\/www.assurances-rmt.fr\/app\/uploads\/2023\/09\/RMT-MmeRoger-2.jpg"}],"twitter_card":"summary_large_image","twitter_misc":{"Gesch\u00e4tzte Lesezeit":"1 Minute"},"schema":{"@context":"https:\/\/schema.org","@graph":[{"@type":"WebPage","@id":"https:\/\/www.assurances-rmt.fr\/de\/ueber-uns\/","url":"https:\/\/www.assurances-rmt.fr\/de\/ueber-uns\/","name":"Versicherung f\u00fcr Unternehmen Strasbourg: Entdecken Sie RMT Versicherungsmakler","isPartOf":{"@id":"https:\/\/www.assurances-rmt.fr\/de\/#website"},"datePublished":"2023-07-25T15:49:16+00:00","dateModified":"2025-07-29T14:50:44+00:00","description":"Bereits seit 1994 erarbeitet RMT umfassende und individuelle Versicherungsl\u00f6sungen f\u00fcr Unternehmen und Freiberufler. Bei uns stehen Sie als Kunde im Mittelpunkt \u2013 vom Vertragsabschluss bis zum Schadensfall.","breadcrumb":{"@id":"https:\/\/www.assurances-rmt.fr\/de\/ueber-uns\/#breadcrumb"},"inLanguage":"de-DE","potentialAction":[{"@type":"ReadAction","target":["https:\/\/www.assurances-rmt.fr\/de\/ueber-uns\/"]}]},{"@type":"BreadcrumbList","@id":"https:\/\/www.assurances-rmt.fr\/de\/ueber-uns\/#breadcrumb","itemListElement":[{"@type":"ListItem","position":1,"name":"Startseite","item":"https:\/\/www.assurances-rmt.fr\/de\/"},{"@type":"ListItem","position":2,"name":"\u00dcber uns"}]},{"@type":"WebSite","@id":"https:\/\/www.assurances-rmt.fr\/de\/#website","url":"https:\/\/www.assurances-rmt.fr\/de\/","name":"RMT Courtier en assurances","description":"Le conseiller des entreprises en strat\u00e9gie d&#039;assurance","publisher":{"@id":"https:\/\/www.assurances-rmt.fr\/de\/#organization"},"potentialAction":[{"@type":"SearchAction","target":{"@type":"EntryPoint","urlTemplate":"https:\/\/www.assurances-rmt.fr\/de\/?s={search_term_string}"},"query-input":"required name=search_term_string"}],"inLanguage":"de-DE"},{"@type":"Organization","@id":"https:\/\/www.assurances-rmt.fr\/de\/#organization","name":"RMT Courtier en assurances","url":"https:\/\/www.assurances-rmt.fr\/de\/","logo":{"@type":"ImageObject","inLanguage":"de-DE","@id":"https:\/\/www.assurances-rmt.fr\/de\/#\/schema\/logo\/image\/","url":"https:\/\/www.assurances-rmt.fr\/app\/uploads\/2023\/07\/logo.svg","contentUrl":"https:\/\/www.assurances-rmt.fr\/app\/uploads\/2023\/07\/logo.svg","width":300,"height":113,"caption":"RMT Courtier en assurances"},"image":{"@id":"https:\/\/www.assurances-rmt.fr\/de\/#\/schema\/logo\/image\/"},"sameAs":["https:\/\/www.linkedin.com\/company\/rmt-courtier-en-assurances\/"]}]}},"_links":{"self":[{"href":"https:\/\/www.assurances-rmt.fr\/de\/wp-json\/wp\/v2\/pages\/2248"}],"collection":[{"href":"https:\/\/www.assurances-rmt.fr\/de\/wp-json\/wp\/v2\/pages"}],"about":[{"href":"https:\/\/www.assurances-rmt.fr\/de\/wp-json\/wp\/v2\/types\/page"}],"author":[{"embeddable":true,"href":"https:\/\/www.assurances-rmt.fr\/de\/wp-json\/wp\/v2\/users\/1"}],"replies":[{"embeddable":true,"href":"https:\/\/www.assurances-rmt.fr\/de\/wp-json\/wp\/v2\/comments?post=2248"}],"version-history":[{"count":2,"href":"https:\/\/www.assurances-rmt.fr\/de\/wp-json\/wp\/v2\/pages\/2248\/revisions"}],"predecessor-version":[{"id":2417,"href":"https:\/\/www.assurances-rmt.fr\/de\/wp-json\/wp\/v2\/pages\/2248\/revisions\/2417"}],"wp:attachment":[{"href":"https:\/\/www.assurances-rmt.fr\/de\/wp-json\/wp\/v2\/media?parent=2248"}],"curies":[{"name":"wp","href":"https:\/\/api.w.org\/{rel}","templated":true}]}}