{"id":2246,"date":"2023-07-26T11:20:52","date_gmt":"2023-07-26T09:20:52","guid":{"rendered":"https:\/\/www.assurances-rmt.fr\/impressum\/"},"modified":"2025-07-29T18:14:56","modified_gmt":"2025-07-29T16:14:56","slug":"impressum","status":"publish","type":"page","link":"https:\/\/www.assurances-rmt.fr\/de\/impressum\/","title":{"rendered":"Impressum"},"content":{"rendered":"\n<section class=\"hero js-hero \" style=\"--hero-bg-image: url(https:\/\/www.assurances-rmt.fr\/app\/uploads\/2023\/08\/logormt.jpg)\">\n    <div class=\"grid-container\">\n        <div class=\"hero__content\">\n                            <div class=\"breadcrumbs hero__breadcrumbs\"><span><span><a href=\"https:\/\/www.assurances-rmt.fr\/de\/\">Startseite<\/a><\/span><\/span><\/div>\n                        \n\n    <h1 class=\"title-double title-double--white\">\n                    <span class=\"title-double__line2\">Impressum<\/span>\n        <\/h1>\n                                <\/div>\n    <\/div>\n    <a class=\"hero__scroll js-scroll\" href=\"#\"><svg aria-hidden=\"true\" role=\"img\" focusable=\"false\" class=\"picto\"><use href=\"#scroll\"\/><\/svg>\n<\/a>\n<\/section>\n\n\n\n\n\n\n\n<section class=\"section--color-white section\" id=\"\" style=\"\">\n    <div class=\"grid-container\">\n\n<h3 class=\"wp-block-heading\">Herausgeber der Seite<\/h3>\n\n\n\n<p>RMT Courtier en assurances (RMT Versicherungsmakler)<\/p>\n\n\n\n<p>20 avenue du Neuhof<br>67100 STRASBOURG<\/p>\n\n\n\n<p>Tel.: +33 3 88 33 01 11<\/p>\n\n\n\n<p>ORIAS-NR.: 07004936<\/p>\n\n\n\n<h3 class=\"wp-block-heading\">Verantwortlich f\u00fcr die Inhalte<\/h3>\n\n\n\n<p>L\u00e9a Roger, Gesch\u00e4ftsf\u00fchrerin<\/p>\n\n\n\n<h3 class=\"wp-block-heading\">Externe Dienstleister<\/h3>\n\n\n\n<h4 class=\"wp-block-heading\">Grafische\/technische\/redaktionelle Gestaltung<\/h4>\n\n\n\n<p>Agentur Wooz&#8217;up<br>20 rue Adolphe Seyboth &#8211; 67000 STRASBOURG<br><a href=\"https:\/\/www.wooz-up.com\/\">https:\/\/www.wooz-up.com\/<\/a><\/p>\n\n\n\n<h4 class=\"wp-block-heading\">Technische Plattform \u2013 Hosting<\/h4>\n\n\n\n<p>Ikepowa<br>51 B rue du Marais \u2013 67800 Bischheim<br><a href=\"http:\/\/www.ikepowa.eu\/\">http:\/\/www.ikepowa.eu<\/a><\/p>\n\n\n\n<h3 class=\"wp-block-heading\">Hosting<\/h3>\n\n\n\n<p>OVH.COM<\/p>\n\n\n\n<p>SAS mit einem Kapital von 10.000.000 \u20ac<\/p>\n\n\n\n<p>RCS Roubaix \u2013 Tourcoing 424 761 419 00045<\/p>\n\n\n\n<p>APE-Code 6202A<\/p>\n\n\n\n<p>Umsatzsteuer-Identifikationsnummer: FR 22 424 761 419<\/p>\n\n\n\n<p>Hauptsitz: 2 rue Kellermann \u2013 59100 Roubaix \u2013 Frankreich.<\/p>\n\n\n\n<h3 class=\"wp-block-heading\">Erkl\u00e4rung<\/h3>\n\n\n\n<p>RMT erkennt die grundlegende Bedeutung von Vertraulichkeit und Datensicherheit an und verpflichtet sich, die pers\u00f6nlichen Daten seiner Kunden, Angestellten und Partner bei allen Verwaltungshandlungen und Gesch\u00e4ftsvorg\u00e4ngen zu sch\u00fctzen.<br><br>RMT h\u00e4lt sich an die franz\u00f6sischen und europ\u00e4ischen Vorschriften zum Schutz personenbezogener Daten, insbesondere an die Allgemeine Datenschutzverordnung (EU) vom 27. April 2016 (\u201eDSGVO\u201c) und das ge\u00e4nderte franz\u00f6sische Datenschutzgesetz vom 6. Januar 1978 (\u201eLoi Informatique et Libert\u00e9s\u201c, \u201eLIL\u201c).<\/p>\n\n<\/div>\n<\/section>\n","protected":false},"excerpt":{"rendered":"<p>RMT Versicherungsmakler 20 avenue du Neuhof 67100 STRASBOURG Tel.: +33 3 88 33 01 11 ORIAS-NR.: 07004936<\/p>\n","protected":false},"author":1,"featured_media":0,"parent":0,"menu_order":21,"comment_status":"closed","ping_status":"closed","template":"","meta":{"inline_featured_image":false,"footnotes":""},"acf":[],"yoast_head":"<!-- This site is optimized with the Yoast SEO plugin v20.13 - https:\/\/yoast.com\/wordpress\/plugins\/seo\/ -->\n<title>Impressum - RMT Courtier en assurances<\/title>\n<meta name=\"description\" content=\"RMT Versicherungsmakler 20 avenue du Neuhof 67100 STRASBOURG Tel.: +33 3 88 33 01 11 ORIAS-NR.: 07004936\" \/>\n<meta name=\"robots\" content=\"index, follow, max-snippet:-1, max-image-preview:large, max-video-preview:-1\" \/>\n<link rel=\"canonical\" href=\"https:\/\/www.assurances-rmt.fr\/de\/impressum\/\" \/>\n<meta property=\"og:locale\" content=\"de_DE\" \/>\n<meta property=\"og:type\" content=\"article\" \/>\n<meta property=\"og:title\" content=\"Impressum - RMT Courtier en assurances\" \/>\n<meta property=\"og:description\" content=\"RMT Versicherungsmakler 20 avenue du Neuhof 67100 STRASBOURG Tel.: +33 3 88 33 01 11 ORIAS-NR.: 07004936\" \/>\n<meta property=\"og:url\" content=\"https:\/\/www.assurances-rmt.fr\/de\/impressum\/\" \/>\n<meta property=\"og:site_name\" content=\"RMT Courtier en assurances\" \/>\n<meta property=\"article:modified_time\" content=\"2025-07-29T16:14:56+00:00\" \/>\n<meta name=\"twitter:card\" content=\"summary_large_image\" \/>\n<meta name=\"twitter:label1\" content=\"Gesch\u00e4tzte Lesezeit\" \/>\n\t<meta name=\"twitter:data1\" content=\"1 Minute\" \/>\n<script type=\"application\/ld+json\" class=\"yoast-schema-graph\">{\"@context\":\"https:\/\/schema.org\",\"@graph\":[{\"@type\":\"WebPage\",\"@id\":\"https:\/\/www.assurances-rmt.fr\/de\/impressum\/\",\"url\":\"https:\/\/www.assurances-rmt.fr\/de\/impressum\/\",\"name\":\"Impressum - RMT Courtier en assurances\",\"isPartOf\":{\"@id\":\"https:\/\/www.assurances-rmt.fr\/de\/#website\"},\"datePublished\":\"2023-07-26T09:20:52+00:00\",\"dateModified\":\"2025-07-29T16:14:56+00:00\",\"description\":\"RMT Versicherungsmakler 20 avenue du Neuhof 67100 STRASBOURG Tel.: +33 3 88 33 01 11 ORIAS-NR.: 07004936\",\"breadcrumb\":{\"@id\":\"https:\/\/www.assurances-rmt.fr\/de\/impressum\/#breadcrumb\"},\"inLanguage\":\"de-DE\",\"potentialAction\":[{\"@type\":\"ReadAction\",\"target\":[\"https:\/\/www.assurances-rmt.fr\/de\/impressum\/\"]}]},{\"@type\":\"BreadcrumbList\",\"@id\":\"https:\/\/www.assurances-rmt.fr\/de\/impressum\/#breadcrumb\",\"itemListElement\":[{\"@type\":\"ListItem\",\"position\":1,\"name\":\"Startseite\",\"item\":\"https:\/\/www.assurances-rmt.fr\/de\/\"},{\"@type\":\"ListItem\",\"position\":2,\"name\":\"Impressum\"}]},{\"@type\":\"WebSite\",\"@id\":\"https:\/\/www.assurances-rmt.fr\/de\/#website\",\"url\":\"https:\/\/www.assurances-rmt.fr\/de\/\",\"name\":\"RMT Courtier en assurances\",\"description\":\"Le conseiller des entreprises en strat\u00e9gie d&#039;assurance\",\"publisher\":{\"@id\":\"https:\/\/www.assurances-rmt.fr\/de\/#organization\"},\"potentialAction\":[{\"@type\":\"SearchAction\",\"target\":{\"@type\":\"EntryPoint\",\"urlTemplate\":\"https:\/\/www.assurances-rmt.fr\/de\/?s={search_term_string}\"},\"query-input\":\"required name=search_term_string\"}],\"inLanguage\":\"de-DE\"},{\"@type\":\"Organization\",\"@id\":\"https:\/\/www.assurances-rmt.fr\/de\/#organization\",\"name\":\"RMT Courtier en assurances\",\"url\":\"https:\/\/www.assurances-rmt.fr\/de\/\",\"logo\":{\"@type\":\"ImageObject\",\"inLanguage\":\"de-DE\",\"@id\":\"https:\/\/www.assurances-rmt.fr\/de\/#\/schema\/logo\/image\/\",\"url\":\"https:\/\/www.assurances-rmt.fr\/app\/uploads\/2023\/07\/logo.svg\",\"contentUrl\":\"https:\/\/www.assurances-rmt.fr\/app\/uploads\/2023\/07\/logo.svg\",\"width\":300,\"height\":113,\"caption\":\"RMT Courtier en assurances\"},\"image\":{\"@id\":\"https:\/\/www.assurances-rmt.fr\/de\/#\/schema\/logo\/image\/\"},\"sameAs\":[\"https:\/\/www.linkedin.com\/company\/rmt-courtier-en-assurances\/\"]}]}<\/script>\n<!-- \/ Yoast SEO plugin. -->","yoast_head_json":{"title":"Impressum - RMT Courtier en assurances","description":"RMT Versicherungsmakler 20 avenue du Neuhof 67100 STRASBOURG Tel.: +33 3 88 33 01 11 ORIAS-NR.: 07004936","robots":{"index":"index","follow":"follow","max-snippet":"max-snippet:-1","max-image-preview":"max-image-preview:large","max-video-preview":"max-video-preview:-1"},"canonical":"https:\/\/www.assurances-rmt.fr\/de\/impressum\/","og_locale":"de_DE","og_type":"article","og_title":"Impressum - RMT Courtier en assurances","og_description":"RMT Versicherungsmakler 20 avenue du Neuhof 67100 STRASBOURG Tel.: +33 3 88 33 01 11 ORIAS-NR.: 07004936","og_url":"https:\/\/www.assurances-rmt.fr\/de\/impressum\/","og_site_name":"RMT Courtier en assurances","article_modified_time":"2025-07-29T16:14:56+00:00","twitter_card":"summary_large_image","twitter_misc":{"Gesch\u00e4tzte Lesezeit":"1 Minute"},"schema":{"@context":"https:\/\/schema.org","@graph":[{"@type":"WebPage","@id":"https:\/\/www.assurances-rmt.fr\/de\/impressum\/","url":"https:\/\/www.assurances-rmt.fr\/de\/impressum\/","name":"Impressum - RMT Courtier en assurances","isPartOf":{"@id":"https:\/\/www.assurances-rmt.fr\/de\/#website"},"datePublished":"2023-07-26T09:20:52+00:00","dateModified":"2025-07-29T16:14:56+00:00","description":"RMT Versicherungsmakler 20 avenue du Neuhof 67100 STRASBOURG Tel.: +33 3 88 33 01 11 ORIAS-NR.: 07004936","breadcrumb":{"@id":"https:\/\/www.assurances-rmt.fr\/de\/impressum\/#breadcrumb"},"inLanguage":"de-DE","potentialAction":[{"@type":"ReadAction","target":["https:\/\/www.assurances-rmt.fr\/de\/impressum\/"]}]},{"@type":"BreadcrumbList","@id":"https:\/\/www.assurances-rmt.fr\/de\/impressum\/#breadcrumb","itemListElement":[{"@type":"ListItem","position":1,"name":"Startseite","item":"https:\/\/www.assurances-rmt.fr\/de\/"},{"@type":"ListItem","position":2,"name":"Impressum"}]},{"@type":"WebSite","@id":"https:\/\/www.assurances-rmt.fr\/de\/#website","url":"https:\/\/www.assurances-rmt.fr\/de\/","name":"RMT Courtier en assurances","description":"Le conseiller des entreprises en strat\u00e9gie d&#039;assurance","publisher":{"@id":"https:\/\/www.assurances-rmt.fr\/de\/#organization"},"potentialAction":[{"@type":"SearchAction","target":{"@type":"EntryPoint","urlTemplate":"https:\/\/www.assurances-rmt.fr\/de\/?s={search_term_string}"},"query-input":"required name=search_term_string"}],"inLanguage":"de-DE"},{"@type":"Organization","@id":"https:\/\/www.assurances-rmt.fr\/de\/#organization","name":"RMT Courtier en assurances","url":"https:\/\/www.assurances-rmt.fr\/de\/","logo":{"@type":"ImageObject","inLanguage":"de-DE","@id":"https:\/\/www.assurances-rmt.fr\/de\/#\/schema\/logo\/image\/","url":"https:\/\/www.assurances-rmt.fr\/app\/uploads\/2023\/07\/logo.svg","contentUrl":"https:\/\/www.assurances-rmt.fr\/app\/uploads\/2023\/07\/logo.svg","width":300,"height":113,"caption":"RMT Courtier en assurances"},"image":{"@id":"https:\/\/www.assurances-rmt.fr\/de\/#\/schema\/logo\/image\/"},"sameAs":["https:\/\/www.linkedin.com\/company\/rmt-courtier-en-assurances\/"]}]}},"_links":{"self":[{"href":"https:\/\/www.assurances-rmt.fr\/de\/wp-json\/wp\/v2\/pages\/2246"}],"collection":[{"href":"https:\/\/www.assurances-rmt.fr\/de\/wp-json\/wp\/v2\/pages"}],"about":[{"href":"https:\/\/www.assurances-rmt.fr\/de\/wp-json\/wp\/v2\/types\/page"}],"author":[{"embeddable":true,"href":"https:\/\/www.assurances-rmt.fr\/de\/wp-json\/wp\/v2\/users\/1"}],"replies":[{"embeddable":true,"href":"https:\/\/www.assurances-rmt.fr\/de\/wp-json\/wp\/v2\/comments?post=2246"}],"version-history":[{"count":2,"href":"https:\/\/www.assurances-rmt.fr\/de\/wp-json\/wp\/v2\/pages\/2246\/revisions"}],"predecessor-version":[{"id":2424,"href":"https:\/\/www.assurances-rmt.fr\/de\/wp-json\/wp\/v2\/pages\/2246\/revisions\/2424"}],"wp:attachment":[{"href":"https:\/\/www.assurances-rmt.fr\/de\/wp-json\/wp\/v2\/media?parent=2246"}],"curies":[{"name":"wp","href":"https:\/\/api.w.org\/{rel}","templated":true}]}}