{"id":2223,"date":"2023-07-26T11:16:29","date_gmt":"2023-07-26T09:16:29","guid":{"rendered":"https:\/\/www.assurances-rmt.fr\/unsere-versicherungsloesungen\/"},"modified":"2025-07-31T10:05:46","modified_gmt":"2025-07-31T08:05:46","slug":"unsere-versicherungsloesungen","status":"publish","type":"page","link":"https:\/\/www.assurances-rmt.fr\/de\/unsere-versicherungsloesungen\/","title":{"rendered":"Unsere Versicherungsl\u00f6sungen"},"content":{"rendered":"\n<section class=\"hero js-hero \" style=\"--hero-bg-image: url(https:\/\/www.assurances-rmt.fr\/app\/uploads\/2023\/08\/headersolutionsassurances.jpeg)\">\n    <div class=\"grid-container\">\n        <div class=\"hero__content\">\n                            <div class=\"breadcrumbs hero__breadcrumbs\"><span><span><a href=\"https:\/\/www.assurances-rmt.fr\/de\/\">Startseite<\/a><\/span><\/span><\/div>\n                        \n\n    <h1 class=\"title-double title-double--white\">\n                <span class=\"title-double__line1\">RMT Versicherungsmakler <\/span>\n                <span class=\"title-double__line2\">Unsere Versicherungsl\u00f6sungen<\/span>\n        <\/h1>\n                        <p>RMT Versicherungsmakler unterst\u00fctzt Sie darin, die richtigen Entscheidungen f\u00fcr Ihr Unternehmen zu treffen, um es optimal zu sch\u00fctzen.\nWir zeigen Ihnen Optionen auf, kl\u00e4ren Sie \u00fcber Ihre Rechte auf und erarbeiten gemeinsam mit Ihnen individuelle Versicherungs-L\u00f6sungen. Dabei behalten wir die Entwicklung des Marktes im Blick und beraten Sie basierend auf unseren fundierten Fachkenntnissen sowie unserer grenz\u00fcberschreitenden Erfahrung. Im Schadensfall verhandeln wir f\u00fcr Sie in Ihrem besten Sinne und begleiten Sie bis alles geregelt ist.<\/p>\n                                <\/div>\n    <\/div>\n    <a class=\"hero__scroll js-scroll\" href=\"#\"><svg aria-hidden=\"true\" role=\"img\" focusable=\"false\" class=\"picto\"><use href=\"#scroll\"\/><\/svg>\n<\/a>\n<\/section>\n\n\n\n\n\n<section class=\"section--color-white section--align-wide-content section--padding-medium section\" id=\"\" style=\"\">\n    <div class=\"grid-container\">\n\n<div class=\"text-format  default: Default text-format--reduce text-center\">\n\n    \n\n    <h2 class=\"text-center title-double title-double--secondary\">\n            <span class=\"title-double__suptitle\">Im Dienste der Berufst\u00e4tigen<\/span>\n                    <span class=\"title-double__line2\">Ein in Versicherungsl\u00f6sungen unterteiltes Angebot<\/span>\n        <\/h2>\n\n\n\n<p>Unser Angebot f\u00fcr Berufst\u00e4tige ist in verschiedene L\u00f6sungen unterteilt, um den Anforderungen jedes Einzelnen bestm\u00f6glich gerecht zu werden. Die Spezialisierung unseres Teams auf diese L\u00f6sungen wird durch die N\u00e4he, das Zuh\u00f6ren und die F\u00e4higkeit, sich auf jeden Kunden einzustellen, verst\u00e4rkt. Unsere Priorit\u00e4t ist es, eine faire und pr\u00e4zise L\u00f6sung anzubieten, die den spezifischen Bed\u00fcrfnissen des Unternehmens und der Fachleute entspricht.<\/p>\n\n<\/div>\n\n\n\n<div class=\"card-service-grid card-service-grid--2 \" style=\"--card-service-grid-col: 3\">\n                                        <div>\n            <div class=\"card-service card-service--secondary\">\n                <div class=\"card-service__picto\"><svg aria-hidden=\"true\" role=\"img\" focusable=\"false\" class=\"picto\"><use href=\"#rmt_batiment\"\/><\/svg>\n<\/div>\n                <h3 class=\"card-service__title\">Sach- und Haftpflichtversicherungen<\/h3>\n                <p>Sach- und Haftpflichtversicherungen decken Personen- und Sachsch\u00e4den sowie daraus resultierende Verm\u00f6genssch\u00e4den ab. Die richtige Absicherung sorgt daf\u00fcr, dass entstandene Sch\u00e4den oder Verluste ersetzt werden und der urspr\u00fcngliche Zustand wieder hergestellt wird. Vertrauen Sie auf unser Know-how und entscheiden Sie sich f\u00fcr den optimalen Schutz Ihres Unternehmenseigentums.<\/p>\n                <a href=\"https:\/\/www.assurances-rmt.fr\/de\/unsere-versicherungsloesungen\/sach-und-haftpflichtversicherungen\/\"> Mehr erfahren<\/a>\n            <\/div>\n        <\/div>\n                                        <div>\n            <div class=\"card-service card-service--secondary\">\n                <div class=\"card-service__picto\"><svg aria-hidden=\"true\" role=\"img\" focusable=\"false\" class=\"picto\"><use href=\"#rmt_groupe\"\/><\/svg>\n<\/div>\n                <h3 class=\"card-service__title\">Personenversicherungen<\/h3>\n                <p>Der Mensch steht im Mittelpunkt Ihres Unternehmens. Sichern Sie Ihre Mitarbeitenden mithilfe unserer Abteilung f\u00fcr Gesundheit und Vorsorge optimal ab. Dazu geh\u00f6rt die Erstattung von Behandlungskosten ebenso wie Leistungen im Fall von Tod, Invalidit\u00e4t oder Arbeitsunf\u00e4higkeit. Gerne beraten wir Sie auch bei der Altersvorsorge f\u00fcr Ihre Mitarbeitenden.<\/p>\n                <a href=\"https:\/\/www.assurances-rmt.fr\/de\/unsere-versicherungsloesungen\/personenversicherungen\/\"> Mehr erfahren<\/a>\n            <\/div>\n        <\/div>\n                                        <div>\n            <div class=\"card-service card-service--ternary\">\n                <div class=\"card-service__picto\"><svg aria-hidden=\"true\" role=\"img\" focusable=\"false\" class=\"picto\"><use href=\"#rmt_poignee_main\"\/><\/svg>\n<\/div>\n                <h3 class=\"card-service__title\">Experten f\u00fcr Deutschland und Frankreich<\/h3>\n                <p>Unser zweisprachiges Team begleitet deutsche Unternehmen auf dem franz\u00f6sischen Markt. Wir ber\u00fccksichtigen die Unterschiede in den gesetzlichen Regelungen beider L\u00e4nder und arbeiten Vertr\u00e4ge f\u00fcr Ihren individuellen Bedarf aus.<\/p>\n                <a href=\"https:\/\/www.assurances-rmt.fr\/de\/experten-fuer-deutschland-und-frankreich\/\"> Mehr erfahren<\/a>\n            <\/div>\n        <\/div>\n                                        <div>\n            <div class=\"card-service card-service--quaternary\">\n                <div class=\"card-service__picto\"><svg aria-hidden=\"true\" role=\"img\" focusable=\"false\" class=\"picto\"><use href=\"#rmt_assurance\"\/><\/svg>\n<\/div>\n                <h3 class=\"card-service__title\">Unsere Versicherungsl\u00f6sungen<\/h3>\n                <p>Schadenf\u00e4lle erfordern Flexibilit\u00e4t \u2013 man muss auf jede Situation schnell und passend reagieren k\u00f6nnen. Bei RMT Versicherungsmakler analysieren wir Ihre Schadenhistorie in allen Details, um Risiken zu erkennen und mit ma\u00dfgeschneiderten Pr\u00e4ventionsma\u00dfnahmen gegensteuern zu k\u00f6nnen.<\/p>\n                <a href=\"https:\/\/www.assurances-rmt.fr\/de\/schadensabteilung\/\"> Mehr erfahren<\/a>\n            <\/div>\n        <\/div>\n    <\/div>\n\n<\/div>\n<\/section>\n\n\n\n\n\n<section class=\"section--color-primary_background section--align-wide-content section--padding-medium section\" id=\"\" style=\"\">\n    <div class=\"grid-container\">\n\n<div class=\"text-format  default: Default text-format--reduce text-left\">\n\n    \n\n    <h1 class=\"text-center title-double title-double--white\">\n            <span class=\"title-double__suptitle\">Brauchen Sie Hilfe<\/span>\n                    <span class=\"title-double__line2\">Sie w\u00fcnschen sich fachkundige Beratung? Aber sicher!<\/span>\n        <\/h1>\n\n\n\n<p class=\"has-text-align-center\">Bei Fragen zu unseren Versicherungen und Leistungen oder f\u00fcr die Meldung eines Schadens stehen wir Ihnen gerne zur Verf\u00fcgung.<\/p>\n\n\n\n<div class=\"button-group default align-center\">\n\n\n<a href=\"https:\/\/www.assurances-rmt.fr\/de\/kontakt\/\" class=\"primary hollow button\" target=\"\" rel=\"\">\n    Kontakt<\/a>\n\n<\/div>\n\n\n<\/div>\n\n<\/div>\n<\/section>\n","protected":false},"excerpt":{"rendered":"<p>RMT Versicherungsmakler unterst\u00fctzt Sie darin, die richtigen Entscheidungen f\u00fcr Ihr Unternehmen zu treffen, um es optimal zu sch\u00fctzen.<br \/>\nWir zeigen Ihnen Optionen auf, kl\u00e4ren Sie \u00fcber Ihre Rechte auf und erarbeiten gemeinsam mit Ihnen individuelle Versicherungs-L\u00f6sungen. Dabei behalten wir die Entwicklung des Marktes im Blick und beraten Sie basierend auf unseren fundierten Fachkenntnissen sowie unserer grenz\u00fcberschreitenden Erfahrung. Im Schadensfall verhandeln wir f\u00fcr Sie in Ihrem besten Sinne und begleiten Sie bis alles geregelt ist.<\/p>\n","protected":false},"author":1,"featured_media":0,"parent":0,"menu_order":3,"comment_status":"closed","ping_status":"closed","template":"","meta":{"inline_featured_image":false,"footnotes":""},"acf":[],"yoast_head":"<!-- This site is optimized with the Yoast SEO plugin v20.13 - https:\/\/yoast.com\/wordpress\/plugins\/seo\/ -->\n<title>Versicherungsmakler in Stra\u00dfburg (Elsass)<\/title>\n<meta name=\"description\" content=\"RMT Versicherungsmakler unterst\u00fctzt Sie darin, die richtigen Entscheidungen f\u00fcr Ihr Unternehmen zu treffen, um es optimal zu sch\u00fctzen. Entdecken Sie unsere Versicherungsl\u00f6sungen.\" \/>\n<meta name=\"robots\" content=\"index, follow, max-snippet:-1, max-image-preview:large, max-video-preview:-1\" \/>\n<link rel=\"canonical\" href=\"https:\/\/www.assurances-rmt.fr\/de\/unsere-versicherungsloesungen\/\" \/>\n<meta property=\"og:locale\" content=\"de_DE\" \/>\n<meta property=\"og:type\" content=\"article\" \/>\n<meta property=\"og:title\" content=\"Versicherungsmakler in Stra\u00dfburg (Elsass)\" \/>\n<meta property=\"og:description\" content=\"RMT Versicherungsmakler unterst\u00fctzt Sie darin, die richtigen Entscheidungen f\u00fcr Ihr Unternehmen zu treffen, um es optimal zu sch\u00fctzen. Entdecken Sie unsere Versicherungsl\u00f6sungen.\" \/>\n<meta property=\"og:url\" content=\"https:\/\/www.assurances-rmt.fr\/de\/unsere-versicherungsloesungen\/\" \/>\n<meta property=\"og:site_name\" content=\"RMT Courtier en assurances\" \/>\n<meta property=\"article:modified_time\" content=\"2025-07-31T08:05:46+00:00\" \/>\n<meta name=\"twitter:card\" content=\"summary_large_image\" \/>\n<script type=\"application\/ld+json\" class=\"yoast-schema-graph\">{\"@context\":\"https:\/\/schema.org\",\"@graph\":[{\"@type\":\"WebPage\",\"@id\":\"https:\/\/www.assurances-rmt.fr\/de\/unsere-versicherungsloesungen\/\",\"url\":\"https:\/\/www.assurances-rmt.fr\/de\/unsere-versicherungsloesungen\/\",\"name\":\"Versicherungsmakler in Stra\u00dfburg (Elsass)\",\"isPartOf\":{\"@id\":\"https:\/\/www.assurances-rmt.fr\/de\/#website\"},\"datePublished\":\"2023-07-26T09:16:29+00:00\",\"dateModified\":\"2025-07-31T08:05:46+00:00\",\"description\":\"RMT Versicherungsmakler unterst\u00fctzt Sie darin, die richtigen Entscheidungen f\u00fcr Ihr Unternehmen zu treffen, um es optimal zu sch\u00fctzen. Entdecken Sie unsere Versicherungsl\u00f6sungen.\",\"breadcrumb\":{\"@id\":\"https:\/\/www.assurances-rmt.fr\/de\/unsere-versicherungsloesungen\/#breadcrumb\"},\"inLanguage\":\"de-DE\",\"potentialAction\":[{\"@type\":\"ReadAction\",\"target\":[\"https:\/\/www.assurances-rmt.fr\/de\/unsere-versicherungsloesungen\/\"]}]},{\"@type\":\"BreadcrumbList\",\"@id\":\"https:\/\/www.assurances-rmt.fr\/de\/unsere-versicherungsloesungen\/#breadcrumb\",\"itemListElement\":[{\"@type\":\"ListItem\",\"position\":1,\"name\":\"Startseite\",\"item\":\"https:\/\/www.assurances-rmt.fr\/de\/\"},{\"@type\":\"ListItem\",\"position\":2,\"name\":\"Unsere Versicherungsl\u00f6sungen\"}]},{\"@type\":\"WebSite\",\"@id\":\"https:\/\/www.assurances-rmt.fr\/de\/#website\",\"url\":\"https:\/\/www.assurances-rmt.fr\/de\/\",\"name\":\"RMT Courtier en assurances\",\"description\":\"Le conseiller des entreprises en strat\u00e9gie d&#039;assurance\",\"publisher\":{\"@id\":\"https:\/\/www.assurances-rmt.fr\/de\/#organization\"},\"potentialAction\":[{\"@type\":\"SearchAction\",\"target\":{\"@type\":\"EntryPoint\",\"urlTemplate\":\"https:\/\/www.assurances-rmt.fr\/de\/?s={search_term_string}\"},\"query-input\":\"required name=search_term_string\"}],\"inLanguage\":\"de-DE\"},{\"@type\":\"Organization\",\"@id\":\"https:\/\/www.assurances-rmt.fr\/de\/#organization\",\"name\":\"RMT Courtier en assurances\",\"url\":\"https:\/\/www.assurances-rmt.fr\/de\/\",\"logo\":{\"@type\":\"ImageObject\",\"inLanguage\":\"de-DE\",\"@id\":\"https:\/\/www.assurances-rmt.fr\/de\/#\/schema\/logo\/image\/\",\"url\":\"https:\/\/www.assurances-rmt.fr\/app\/uploads\/2023\/07\/logo.svg\",\"contentUrl\":\"https:\/\/www.assurances-rmt.fr\/app\/uploads\/2023\/07\/logo.svg\",\"width\":300,\"height\":113,\"caption\":\"RMT Courtier en assurances\"},\"image\":{\"@id\":\"https:\/\/www.assurances-rmt.fr\/de\/#\/schema\/logo\/image\/\"},\"sameAs\":[\"https:\/\/www.linkedin.com\/company\/rmt-courtier-en-assurances\/\"]}]}<\/script>\n<!-- \/ Yoast SEO plugin. -->","yoast_head_json":{"title":"Versicherungsmakler in Stra\u00dfburg (Elsass)","description":"RMT Versicherungsmakler unterst\u00fctzt Sie darin, die richtigen Entscheidungen f\u00fcr Ihr Unternehmen zu treffen, um es optimal zu sch\u00fctzen. Entdecken Sie unsere Versicherungsl\u00f6sungen.","robots":{"index":"index","follow":"follow","max-snippet":"max-snippet:-1","max-image-preview":"max-image-preview:large","max-video-preview":"max-video-preview:-1"},"canonical":"https:\/\/www.assurances-rmt.fr\/de\/unsere-versicherungsloesungen\/","og_locale":"de_DE","og_type":"article","og_title":"Versicherungsmakler in Stra\u00dfburg (Elsass)","og_description":"RMT Versicherungsmakler unterst\u00fctzt Sie darin, die richtigen Entscheidungen f\u00fcr Ihr Unternehmen zu treffen, um es optimal zu sch\u00fctzen. Entdecken Sie unsere Versicherungsl\u00f6sungen.","og_url":"https:\/\/www.assurances-rmt.fr\/de\/unsere-versicherungsloesungen\/","og_site_name":"RMT Courtier en assurances","article_modified_time":"2025-07-31T08:05:46+00:00","twitter_card":"summary_large_image","schema":{"@context":"https:\/\/schema.org","@graph":[{"@type":"WebPage","@id":"https:\/\/www.assurances-rmt.fr\/de\/unsere-versicherungsloesungen\/","url":"https:\/\/www.assurances-rmt.fr\/de\/unsere-versicherungsloesungen\/","name":"Versicherungsmakler in Stra\u00dfburg (Elsass)","isPartOf":{"@id":"https:\/\/www.assurances-rmt.fr\/de\/#website"},"datePublished":"2023-07-26T09:16:29+00:00","dateModified":"2025-07-31T08:05:46+00:00","description":"RMT Versicherungsmakler unterst\u00fctzt Sie darin, die richtigen Entscheidungen f\u00fcr Ihr Unternehmen zu treffen, um es optimal zu sch\u00fctzen. Entdecken Sie unsere Versicherungsl\u00f6sungen.","breadcrumb":{"@id":"https:\/\/www.assurances-rmt.fr\/de\/unsere-versicherungsloesungen\/#breadcrumb"},"inLanguage":"de-DE","potentialAction":[{"@type":"ReadAction","target":["https:\/\/www.assurances-rmt.fr\/de\/unsere-versicherungsloesungen\/"]}]},{"@type":"BreadcrumbList","@id":"https:\/\/www.assurances-rmt.fr\/de\/unsere-versicherungsloesungen\/#breadcrumb","itemListElement":[{"@type":"ListItem","position":1,"name":"Startseite","item":"https:\/\/www.assurances-rmt.fr\/de\/"},{"@type":"ListItem","position":2,"name":"Unsere Versicherungsl\u00f6sungen"}]},{"@type":"WebSite","@id":"https:\/\/www.assurances-rmt.fr\/de\/#website","url":"https:\/\/www.assurances-rmt.fr\/de\/","name":"RMT Courtier en assurances","description":"Le conseiller des entreprises en strat\u00e9gie d&#039;assurance","publisher":{"@id":"https:\/\/www.assurances-rmt.fr\/de\/#organization"},"potentialAction":[{"@type":"SearchAction","target":{"@type":"EntryPoint","urlTemplate":"https:\/\/www.assurances-rmt.fr\/de\/?s={search_term_string}"},"query-input":"required name=search_term_string"}],"inLanguage":"de-DE"},{"@type":"Organization","@id":"https:\/\/www.assurances-rmt.fr\/de\/#organization","name":"RMT Courtier en assurances","url":"https:\/\/www.assurances-rmt.fr\/de\/","logo":{"@type":"ImageObject","inLanguage":"de-DE","@id":"https:\/\/www.assurances-rmt.fr\/de\/#\/schema\/logo\/image\/","url":"https:\/\/www.assurances-rmt.fr\/app\/uploads\/2023\/07\/logo.svg","contentUrl":"https:\/\/www.assurances-rmt.fr\/app\/uploads\/2023\/07\/logo.svg","width":300,"height":113,"caption":"RMT Courtier en assurances"},"image":{"@id":"https:\/\/www.assurances-rmt.fr\/de\/#\/schema\/logo\/image\/"},"sameAs":["https:\/\/www.linkedin.com\/company\/rmt-courtier-en-assurances\/"]}]}},"_links":{"self":[{"href":"https:\/\/www.assurances-rmt.fr\/de\/wp-json\/wp\/v2\/pages\/2223"}],"collection":[{"href":"https:\/\/www.assurances-rmt.fr\/de\/wp-json\/wp\/v2\/pages"}],"about":[{"href":"https:\/\/www.assurances-rmt.fr\/de\/wp-json\/wp\/v2\/types\/page"}],"author":[{"embeddable":true,"href":"https:\/\/www.assurances-rmt.fr\/de\/wp-json\/wp\/v2\/users\/1"}],"replies":[{"embeddable":true,"href":"https:\/\/www.assurances-rmt.fr\/de\/wp-json\/wp\/v2\/comments?post=2223"}],"version-history":[{"count":5,"href":"https:\/\/www.assurances-rmt.fr\/de\/wp-json\/wp\/v2\/pages\/2223\/revisions"}],"predecessor-version":[{"id":2434,"href":"https:\/\/www.assurances-rmt.fr\/de\/wp-json\/wp\/v2\/pages\/2223\/revisions\/2434"}],"wp:attachment":[{"href":"https:\/\/www.assurances-rmt.fr\/de\/wp-json\/wp\/v2\/media?parent=2223"}],"curies":[{"name":"wp","href":"https:\/\/api.w.org\/{rel}","templated":true}]}}